{"id":21204,"date":"2016-11-07T11:56:57","date_gmt":"2016-11-07T10:56:57","guid":{"rendered":"http:\/\/www.hotellecorbusier.com\/restaurant-copy\/"},"modified":"2023-03-13T16:04:52","modified_gmt":"2023-03-13T15:04:52","slug":"cite-radieuse-marseille","status":"publish","type":"page","link":"https:\/\/www.hotellecorbusier.com\/en\/cite-radieuse-marseille\/","title":{"rendered":"L&rsquo;unite\u0301 d&rsquo;habitation : La cite radieuse de Marseille"},"content":{"rendered":"<div data-elementor-type=\"wp-page\" data-elementor-id=\"21204\" class=\"elementor elementor-21204\" data-elementor-post-type=\"page\">\n\t\t\t\t\t\t<section class=\"elementor-section elementor-top-section elementor-element elementor-element-52928755 elementor-section-boxed elementor-section-height-default elementor-section-height-default\" data-id=\"52928755\" data-element_type=\"section\" data-e-type=\"section\">\n\t\t\t\t\t\t<div class=\"elementor-container elementor-column-gap-default\">\n\t\t\t\t\t<div class=\"elementor-column elementor-col-100 elementor-top-column elementor-element elementor-element-2397f0ec\" data-id=\"2397f0ec\" data-element_type=\"column\" data-e-type=\"column\">\n\t\t\t<div class=\"elementor-widget-wrap elementor-element-populated\">\n\t\t\t\t\t\t<div class=\"elementor-element elementor-element-21a6e4d8 elementor-widget elementor-widget-text-editor\" data-id=\"21a6e4d8\" data-element_type=\"widget\" data-e-type=\"widget\" data-widget_type=\"text-editor.default\">\n\t\t\t\t<div class=\"elementor-widget-container\">\n\t\t\t\t\t\t\t\t\t&nbsp;\n<h1 style=\"text-align: center;\"><b> L&rsquo;unite\u0301 d&rsquo;habitation : La cite radieuse de Marseille<\/b><\/h1>\n<p style=\"text-align: justify;\"><span style=\"color: #333333;\"><strong>L&rsquo;unite\u0301 d&rsquo;habitation<\/strong> est le nom donne\u0301 a\u0300 un principe Moderne de <strong>ba\u0302timents d\u2019habitatio<\/strong>n de\u0301veloppe\u0301 par Le Corbusier, ce\u0301le\u0300bre <strong>architecte suisse<\/strong>. Ce complexe \u00e9volu\u00e9 a servi de mode\u0300le a\u0300 plusieurs cite\u0301s \u00e0 pr\u00e9sent de\u0301signe\u0301es par ce nom. La <strong>ville radieuse<\/strong>, Le corbusier,<strong> cite\u0301 radieuse de marseille<\/strong>, a \u00e9t\u00e9 construite entre 1947 et 1952. Mont\u00e9e sur pilotis, elle exprime un nouveau concept bas\u00e9 sur la verticalit\u00e9. Elle regroupe pas moins de 337 <strong>appartements<\/strong> de diff\u00e9rentes configurations li\u00e9s les uns aux autres par des rues int\u00e9rieures et un <strong>h\u00f4tel<\/strong> de 21 chambres.<\/span><\/p>\n\n<h2 style=\"text-align: center;\"><span style=\"color: #000000;\">L&rsquo;impact des unite\u0301s d&rsquo;habitation \u00e0 Marseille<\/span><\/h2>\n&nbsp;\n<p style=\"text-align: justify;\"><span style=\"color: #333333;\">La <strong>ville radieuse<\/strong> est aussi un lieu de culture et d&rsquo;innovation. Elle abrite une <strong>exposition sur marseille<\/strong> des plus c\u00e9l\u00e8bres et des plus r\u00e9put\u00e9es. Gr\u00e2ce au designer fran\u00e7ais Ora \u00efto, le gymnase des <strong>unite\u0301s d&rsquo;habitation<\/strong> s&rsquo;est transform\u00e9 en hall contemporain anim\u00e9 par le MaMo, Marseille Modulor. Inscrite \u00e0 l&rsquo;<strong>Unesco<\/strong> depuis 2016, elle est une autre repr\u00e9sentation de la France et de son <strong>architecture<\/strong> si particuli\u00e8re. Chaque <strong>exposition \u00e0 marseille<\/strong> refl\u00e8te une image \u00e9pique de cet <strong>endroit unique au monde<\/strong>, marqu\u00e9 par un <strong>architecte avant-gardiste<\/strong>.<\/span><\/p>\n&nbsp;\n<h2 style=\"text-align: center;\"><span style=\"color: #000000;\">L\u2019h\u00f4tel historique de marseille : ou\u0300 dormir dans un appartement de la cite\u0301 radieuse a\u0300 marseille ?<\/span><\/h2>\n&nbsp;\n<p style=\"text-align: justify;\"><span style=\"color: #333333;\">Parce qu&rsquo;elle fait aujourd&rsquo;hui partie du <strong>patrimoine mondial<\/strong> et qu&rsquo;elle a \u00e9t\u00e9 labellis\u00e9e Patrimoine du XXe si\u00e8cle, La corbusier,<strong> cite\u0301 radieuse de marseille<\/strong> s\u00e9duit bien des amoureux d&rsquo;<strong>art<\/strong> et d&rsquo;<strong>histoire<\/strong>. L&rsquo;h\u00f4tel Corbusier s&rsquo;ouvre sur des <strong>chambres d&rsquo;exception<\/strong> aussi atypiques que design, certaines r\u00e9serv\u00e9es aux <strong>personnes handicap\u00e9es<\/strong>. Il offre une <strong>vue imprenable sur la mer<\/strong> et les belles <strong>\u00eeles du Frioul<\/strong>. Son <strong>restaurant gastronomique<\/strong>, son tennis, son solarium, etc. favorisent la d\u00e9tente et le bien-\u00eatre. Dormir dans cet <strong>hotel historique de marseille<\/strong> est un privil\u00e8ge et le souvenir reste grav\u00e9 dans les m\u00e9moires.<\/span><\/p>\t\t\t\t\t\t\t\t<\/div>\n\t\t\t\t<\/div>\n\t\t\t\t\t<\/div>\n\t\t<\/div>\n\t\t\t\t\t<\/div>\n\t\t<\/section>\n\t\t\t\t<\/div>","protected":false},"excerpt":{"rendered":"<p>&nbsp; L&rsquo;unite\u0301 d&rsquo;habitation : La cite radieuse de Marseille L&rsquo;unite\u0301 d&rsquo;habitation est le nom donne\u0301 a\u0300 un principe Moderne de ba\u0302timents d\u2019habitation de\u0301veloppe\u0301 par Le Corbusier, ce\u0301le\u0300bre architecte suisse. Ce complexe \u00e9volu\u00e9 a servi de mode\u0300le a\u0300 plusieurs cite\u0301s \u00e0 pr\u00e9sent de\u0301signe\u0301es par ce nom. La ville radieuse, Le corbusier, cite\u0301 radieuse de marseille, a [&hellip;]<\/p>\n","protected":false},"author":1,"featured_media":0,"parent":0,"menu_order":0,"comment_status":"open","ping_status":"open","template":"","meta":{"site-sidebar-layout":"no-sidebar","site-content-layout":"plain-container","ast-site-content-layout":"default","site-content-style":"default","site-sidebar-style":"default","ast-global-header-display":"","ast-banner-title-visibility":"","ast-main-header-display":"","ast-hfb-above-header-display":"","ast-hfb-below-header-display":"","ast-hfb-mobile-header-display":"","site-post-title":"disabled","ast-breadcrumbs-content":"","ast-featured-img":"disabled","footer-sml-layout":"","ast-disable-related-posts":"","theme-transparent-header-meta":"","adv-header-id-meta":"","stick-header-meta":"","header-above-stick-meta":"","header-main-stick-meta":"","header-below-stick-meta":"","astra-migrate-meta-layouts":"default","ast-page-background-enabled":"default","ast-page-background-meta":{"desktop":{"background-color":"","background-image":"","background-repeat":"repeat","background-position":"center center","background-size":"auto","background-attachment":"scroll","background-type":"","background-media":"","overlay-type":"","overlay-color":"","overlay-opacity":"","overlay-gradient":""},"tablet":{"background-color":"","background-image":"","background-repeat":"repeat","background-position":"center center","background-size":"auto","background-attachment":"scroll","background-type":"","background-media":"","overlay-type":"","overlay-color":"","overlay-opacity":"","overlay-gradient":""},"mobile":{"background-color":"","background-image":"","background-repeat":"repeat","background-position":"center center","background-size":"auto","background-attachment":"scroll","background-type":"","background-media":"","overlay-type":"","overlay-color":"","overlay-opacity":"","overlay-gradient":""}},"ast-content-background-meta":{"desktop":{"background-color":"var(--ast-global-color-5)","background-image":"","background-repeat":"repeat","background-position":"center center","background-size":"auto","background-attachment":"scroll","background-type":"","background-media":"","overlay-type":"","overlay-color":"","overlay-opacity":"","overlay-gradient":""},"tablet":{"background-color":"var(--ast-global-color-5)","background-image":"","background-repeat":"repeat","background-position":"center center","background-size":"auto","background-attachment":"scroll","background-type":"","background-media":"","overlay-type":"","overlay-color":"","overlay-opacity":"","overlay-gradient":""},"mobile":{"background-color":"var(--ast-global-color-5)","background-image":"","background-repeat":"repeat","background-position":"center center","background-size":"auto","background-attachment":"scroll","background-type":"","background-media":"","overlay-type":"","overlay-color":"","overlay-opacity":"","overlay-gradient":""}},"footnotes":""},"class_list":["post-21204","page","type-page","status-publish","hentry"],"yoast_head":"<!-- This site is optimized with the Yoast SEO plugin v27.5 - https:\/\/yoast.com\/product\/yoast-seo-wordpress\/ -->\n<title>L&#039;unite\u0301 d&#039;habitation : La cite radieuse de Marseille -<\/title>\n<meta name=\"robots\" content=\"index, follow, max-snippet:-1, max-image-preview:large, max-video-preview:-1\" \/>\n<link rel=\"canonical\" href=\"https:\/\/www.hotellecorbusier.com\/en\/cite-radieuse-marseille\/\" \/>\n<meta name=\"twitter:label1\" content=\"Est. reading time\" \/>\n\t<meta name=\"twitter:data1\" content=\"2 minutes\" \/>\n<script type=\"application\/ld+json\" class=\"yoast-schema-graph\">{\"@context\":\"https:\\\/\\\/schema.org\",\"@graph\":[{\"@type\":\"WebPage\",\"@id\":\"https:\\\/\\\/www.hotellecorbusier.com\\\/cite-radieuse-marseille\\\/\",\"url\":\"https:\\\/\\\/www.hotellecorbusier.com\\\/cite-radieuse-marseille\\\/\",\"name\":\"L'unite\u0301 d'habitation : La cite radieuse de Marseille -\",\"isPartOf\":{\"@id\":\"https:\\\/\\\/www.hotellecorbusier.com\\\/#website\"},\"datePublished\":\"2016-11-07T10:56:57+00:00\",\"dateModified\":\"2023-03-13T15:04:52+00:00\",\"breadcrumb\":{\"@id\":\"https:\\\/\\\/www.hotellecorbusier.com\\\/cite-radieuse-marseille\\\/#breadcrumb\"},\"inLanguage\":\"en-US\",\"potentialAction\":[{\"@type\":\"ReadAction\",\"target\":[\"https:\\\/\\\/www.hotellecorbusier.com\\\/cite-radieuse-marseille\\\/\"]}]},{\"@type\":\"BreadcrumbList\",\"@id\":\"https:\\\/\\\/www.hotellecorbusier.com\\\/cite-radieuse-marseille\\\/#breadcrumb\",\"itemListElement\":[{\"@type\":\"ListItem\",\"position\":1,\"name\":\"Accueil\",\"item\":\"https:\\\/\\\/www.hotellecorbusier.com\\\/\"},{\"@type\":\"ListItem\",\"position\":2,\"name\":\"L&rsquo;unite\u0301 d&rsquo;habitation : La cite radieuse de Marseille\"}]},{\"@type\":\"WebSite\",\"@id\":\"https:\\\/\\\/www.hotellecorbusier.com\\\/#website\",\"url\":\"https:\\\/\\\/www.hotellecorbusier.com\\\/\",\"name\":\"H\u00f4tel LE CORBUSIER\",\"description\":\"Meilleur prix sur internet garanti TOUJOURS MOINS CHER QUE BOOKING! R\u00e9servez en ligne maintenant sur le SITE OFFICIEL BOOK NOW, ALWAYS CHEAPER THAN BOOKING\",\"publisher\":{\"@id\":\"https:\\\/\\\/www.hotellecorbusier.com\\\/#organization\"},\"potentialAction\":[{\"@type\":\"SearchAction\",\"target\":{\"@type\":\"EntryPoint\",\"urlTemplate\":\"https:\\\/\\\/www.hotellecorbusier.com\\\/?s={search_term_string}\"},\"query-input\":{\"@type\":\"PropertyValueSpecification\",\"valueRequired\":true,\"valueName\":\"search_term_string\"}}],\"inLanguage\":\"en-US\"},{\"@type\":\"Organization\",\"@id\":\"https:\\\/\\\/www.hotellecorbusier.com\\\/#organization\",\"name\":\"H\u00f4tel LE CORBUSIER\",\"url\":\"https:\\\/\\\/www.hotellecorbusier.com\\\/\",\"logo\":{\"@type\":\"ImageObject\",\"inLanguage\":\"en-US\",\"@id\":\"https:\\\/\\\/www.hotellecorbusier.com\\\/#\\\/schema\\\/logo\\\/image\\\/\",\"url\":\"https:\\\/\\\/www.hotellecorbusier.com\\\/wp-content\\\/uploads\\\/2016\\\/08\\\/logo-corbusier_02.png\",\"contentUrl\":\"https:\\\/\\\/www.hotellecorbusier.com\\\/wp-content\\\/uploads\\\/2016\\\/08\\\/logo-corbusier_02.png\",\"width\":396,\"height\":190,\"caption\":\"H\u00f4tel LE CORBUSIER\"},\"image\":{\"@id\":\"https:\\\/\\\/www.hotellecorbusier.com\\\/#\\\/schema\\\/logo\\\/image\\\/\"}}]}<\/script>\n<!-- \/ Yoast SEO plugin. -->","yoast_head_json":{"title":"L'unite\u0301 d'habitation : La cite radieuse de Marseille -","robots":{"index":"index","follow":"follow","max-snippet":"max-snippet:-1","max-image-preview":"max-image-preview:large","max-video-preview":"max-video-preview:-1"},"canonical":"https:\/\/www.hotellecorbusier.com\/en\/cite-radieuse-marseille\/","twitter_misc":{"Est. reading time":"2 minutes"},"schema":{"@context":"https:\/\/schema.org","@graph":[{"@type":"WebPage","@id":"https:\/\/www.hotellecorbusier.com\/cite-radieuse-marseille\/","url":"https:\/\/www.hotellecorbusier.com\/cite-radieuse-marseille\/","name":"L'unite\u0301 d'habitation : La cite radieuse de Marseille -","isPartOf":{"@id":"https:\/\/www.hotellecorbusier.com\/#website"},"datePublished":"2016-11-07T10:56:57+00:00","dateModified":"2023-03-13T15:04:52+00:00","breadcrumb":{"@id":"https:\/\/www.hotellecorbusier.com\/cite-radieuse-marseille\/#breadcrumb"},"inLanguage":"en-US","potentialAction":[{"@type":"ReadAction","target":["https:\/\/www.hotellecorbusier.com\/cite-radieuse-marseille\/"]}]},{"@type":"BreadcrumbList","@id":"https:\/\/www.hotellecorbusier.com\/cite-radieuse-marseille\/#breadcrumb","itemListElement":[{"@type":"ListItem","position":1,"name":"Accueil","item":"https:\/\/www.hotellecorbusier.com\/"},{"@type":"ListItem","position":2,"name":"L&rsquo;unite\u0301 d&rsquo;habitation : La cite radieuse de Marseille"}]},{"@type":"WebSite","@id":"https:\/\/www.hotellecorbusier.com\/#website","url":"https:\/\/www.hotellecorbusier.com\/","name":"Le Corbusier Hotel","description":"Meilleur prix sur internet garanti TOUJOURS MOINS CHER QUE BOOKING! R\u00e9servez en ligne maintenant sur le SITE OFFICIEL BOOK NOW, ALWAYS CHEAPER THAN BOOKING","publisher":{"@id":"https:\/\/www.hotellecorbusier.com\/#organization"},"potentialAction":[{"@type":"SearchAction","target":{"@type":"EntryPoint","urlTemplate":"https:\/\/www.hotellecorbusier.com\/?s={search_term_string}"},"query-input":{"@type":"PropertyValueSpecification","valueRequired":true,"valueName":"search_term_string"}}],"inLanguage":"en-US"},{"@type":"Organization","@id":"https:\/\/www.hotellecorbusier.com\/#organization","name":"Le Corbusier Hotel","url":"https:\/\/www.hotellecorbusier.com\/","logo":{"@type":"ImageObject","inLanguage":"en-US","@id":"https:\/\/www.hotellecorbusier.com\/#\/schema\/logo\/image\/","url":"https:\/\/www.hotellecorbusier.com\/wp-content\/uploads\/2016\/08\/logo-corbusier_02.png","contentUrl":"https:\/\/www.hotellecorbusier.com\/wp-content\/uploads\/2016\/08\/logo-corbusier_02.png","width":396,"height":190,"caption":"H\u00f4tel LE CORBUSIER"},"image":{"@id":"https:\/\/www.hotellecorbusier.com\/#\/schema\/logo\/image\/"}}]}},"_links":{"self":[{"href":"https:\/\/www.hotellecorbusier.com\/en\/wp-json\/wp\/v2\/pages\/21204","targetHints":{"allow":["GET"]}}],"collection":[{"href":"https:\/\/www.hotellecorbusier.com\/en\/wp-json\/wp\/v2\/pages"}],"about":[{"href":"https:\/\/www.hotellecorbusier.com\/en\/wp-json\/wp\/v2\/types\/page"}],"author":[{"embeddable":true,"href":"https:\/\/www.hotellecorbusier.com\/en\/wp-json\/wp\/v2\/users\/1"}],"replies":[{"embeddable":true,"href":"https:\/\/www.hotellecorbusier.com\/en\/wp-json\/wp\/v2\/comments?post=21204"}],"version-history":[{"count":7,"href":"https:\/\/www.hotellecorbusier.com\/en\/wp-json\/wp\/v2\/pages\/21204\/revisions"}],"predecessor-version":[{"id":23493,"href":"https:\/\/www.hotellecorbusier.com\/en\/wp-json\/wp\/v2\/pages\/21204\/revisions\/23493"}],"wp:attachment":[{"href":"https:\/\/www.hotellecorbusier.com\/en\/wp-json\/wp\/v2\/media?parent=21204"}],"curies":[{"name":"wp","href":"https:\/\/api.w.org\/{rel}","templated":true}]}}