{"id":21210,"date":"2016-11-07T12:07:48","date_gmt":"2016-11-07T11:07:48","guid":{"rendered":"http:\/\/www.hotellecorbusier.com\/cite-radieuse-marseille-copy\/"},"modified":"2023-03-13T16:04:03","modified_gmt":"2023-03-13T15:04:03","slug":"monument-historique","status":"publish","type":"page","link":"https:\/\/www.hotellecorbusier.com\/en\/monument-historique\/","title":{"rendered":"Dormir dans un monument historique"},"content":{"rendered":"<div data-elementor-type=\"wp-page\" data-elementor-id=\"21210\" class=\"elementor elementor-21210\" data-elementor-post-type=\"page\">\n\t\t\t\t\t\t<section class=\"elementor-section elementor-top-section elementor-element elementor-element-6461b557 elementor-section-boxed elementor-section-height-default elementor-section-height-default\" data-id=\"6461b557\" data-element_type=\"section\" data-e-type=\"section\">\n\t\t\t\t\t\t<div class=\"elementor-container elementor-column-gap-default\">\n\t\t\t\t\t<div class=\"elementor-column elementor-col-100 elementor-top-column elementor-element elementor-element-85c2896\" data-id=\"85c2896\" data-element_type=\"column\" data-e-type=\"column\">\n\t\t\t<div class=\"elementor-widget-wrap elementor-element-populated\">\n\t\t\t\t\t\t<div class=\"elementor-element elementor-element-b4b3a1d elementor-widget elementor-widget-text-editor\" data-id=\"b4b3a1d\" data-element_type=\"widget\" data-e-type=\"widget\" data-widget_type=\"text-editor.default\">\n\t\t\t\t<div class=\"elementor-widget-container\">\n\t\t\t\t\t\t\t\t\t<h2 style=\"text-align: center;\"><span style=\"color: #000000;\">O\u00f9 dormir dans un monument historique dans le monde ?<\/span><\/h2>\n<p style=\"text-align: justify;\"><span style=\"color: #333333;\">Peu de <strong>monuments historiques dans le monde<\/strong> accueillent des lieux d&rsquo;h\u00e9bergement. Quelques ch\u00e2teaux en Espagne allient confort et <strong>richesse architecturale<\/strong> pour apporter la pl\u00e9nitude \u00e0 un public favoris\u00e9. Il s&rsquo;agit par exemple du Ritz Madrid ou du Duquesa de Cardona. Ce mode d&rsquo;h\u00e9bergement est n\u00e9 il y a longtemps en Espagne. Le mode de vie du XXIe si\u00e8cle est parfaitement repr\u00e9sent\u00e9 alors que le caract\u00e8re sp\u00e9cifique des <strong>b\u00e2tisses<\/strong>, des <strong>chapelles<\/strong>, des remparts est garder parfaitement intact. La d\u00e9coration permet de se replonger dans le moyen-\u00e2ge et de revivre <strong>une \u00e9poque embl\u00e9matique<\/strong> de notre <strong>histoire<\/strong>.<\/span><\/p>\n<p>&nbsp;<\/p>\n<h2 style=\"text-align: center;\"><span style=\"color: #000000;\">O\u00f9 dormir dans un monument historique en France ?<\/span><\/h2>\n<p style=\"text-align: justify;\"><span style=\"color: #333333;\">En France, le plus c\u00e9l\u00e8bre des ch\u00e2teaux : le <strong>Ch\u00e2teau de Versailles<\/strong> transforme certaines de ses d\u00e9pendances en chambres pour touristes et f\u00e9rus d&rsquo;histoire. L&rsquo;h\u00f4tellerie de luxe attire de plus en plus et les prix sont ici \u00e9lev\u00e9s. A Poitiers, l&rsquo;Abbaye de Saint-Savin inscrite au <strong>patrimoine de l&rsquo;humanit\u00e9<\/strong> offre l&rsquo;authenticit\u00e9 des pierres et le confort moderne. Comme d&rsquo;autres abbayes transform\u00e9es en h\u00f4tels, elle allie pittoresque et vue imprenable. A Lyon, c&rsquo;est le Grand H\u00f4tel Dieu qui vient d&rsquo;\u00eatre enti\u00e8rement r\u00e9nov\u00e9 pour accueillir un public privil\u00e9gi\u00e9.<\/span><\/p>\n<h2 style=\"text-align: center;\"><span style=\"color: #000000;\">O\u00f9 dormir dans un monument historique a\u0300 Marseille ?<\/span><\/h2>\n<p style=\"text-align: justify;\"><span style=\"color: #333333;\">Le seul <strong>ho\u0302tel a\u0300 Marseille classe\u0301 au patrimoine mondial de l\u2019Unesco<\/strong> est l&rsquo;h\u00f4tel Corbusier dans <strong>l&rsquo;Unite\u0301 d habitation de Marseille<\/strong>. Le corbusier, <strong>cite\u0301 radieuse de marseille<\/strong>, est une des embl\u00e8mes de la cit\u00e9 phoc\u00e9enne, <strong>un monument historique<\/strong> parfaitement pr\u00e9serv\u00e9 abritant 21 chambres dans un cadre unique qui incite \u00e0 l&rsquo;\u00e9merveillement. La <strong>Cite radieuse de Marseille<\/strong> a \u00e9t\u00e9 \u00e9difi\u00e9e en 1952. L&rsquo;h\u00f4tel compte 21 chambres, un <strong>restaurant gastronomique<\/strong> et de nombreuses d\u00e9pendances d\u00e9di\u00e9es \u00e0 la d\u00e9tente et \u00e0 la relaxation. Entrez dans un monde \u00e0 part o\u00f9 le raffinement se m\u00eale au design et \u00e0 la cr\u00e9ativit\u00e9 !<\/span><\/p>\t\t\t\t\t\t\t\t<\/div>\n\t\t\t\t<\/div>\n\t\t\t\t\t<\/div>\n\t\t<\/div>\n\t\t\t\t\t<\/div>\n\t\t<\/section>\n\t\t\t\t<\/div>","protected":false},"excerpt":{"rendered":"<p>O\u00f9 dormir dans un monument historique dans le monde ? Peu de monuments historiques dans le monde accueillent des lieux d&rsquo;h\u00e9bergement. Quelques ch\u00e2teaux en Espagne allient confort et richesse architecturale pour apporter la pl\u00e9nitude \u00e0 un public favoris\u00e9. Il s&rsquo;agit par exemple du Ritz Madrid ou du Duquesa de Cardona. Ce mode d&rsquo;h\u00e9bergement est n\u00e9 [&hellip;]<\/p>\n","protected":false},"author":1,"featured_media":0,"parent":0,"menu_order":0,"comment_status":"open","ping_status":"open","template":"","meta":{"site-sidebar-layout":"default","site-content-layout":"","ast-site-content-layout":"default","site-content-style":"default","site-sidebar-style":"default","ast-global-header-display":"","ast-banner-title-visibility":"","ast-main-header-display":"","ast-hfb-above-header-display":"","ast-hfb-below-header-display":"","ast-hfb-mobile-header-display":"","site-post-title":"","ast-breadcrumbs-content":"","ast-featured-img":"","footer-sml-layout":"","ast-disable-related-posts":"","theme-transparent-header-meta":"","adv-header-id-meta":"","stick-header-meta":"","header-above-stick-meta":"","header-main-stick-meta":"","header-below-stick-meta":"","astra-migrate-meta-layouts":"default","ast-page-background-enabled":"default","ast-page-background-meta":{"desktop":{"background-color":"","background-image":"","background-repeat":"repeat","background-position":"center center","background-size":"auto","background-attachment":"scroll","background-type":"","background-media":"","overlay-type":"","overlay-color":"","overlay-opacity":"","overlay-gradient":""},"tablet":{"background-color":"","background-image":"","background-repeat":"repeat","background-position":"center center","background-size":"auto","background-attachment":"scroll","background-type":"","background-media":"","overlay-type":"","overlay-color":"","overlay-opacity":"","overlay-gradient":""},"mobile":{"background-color":"","background-image":"","background-repeat":"repeat","background-position":"center center","background-size":"auto","background-attachment":"scroll","background-type":"","background-media":"","overlay-type":"","overlay-color":"","overlay-opacity":"","overlay-gradient":""}},"ast-content-background-meta":{"desktop":{"background-color":"var(--ast-global-color-5)","background-image":"","background-repeat":"repeat","background-position":"center center","background-size":"auto","background-attachment":"scroll","background-type":"","background-media":"","overlay-type":"","overlay-color":"","overlay-opacity":"","overlay-gradient":""},"tablet":{"background-color":"var(--ast-global-color-5)","background-image":"","background-repeat":"repeat","background-position":"center center","background-size":"auto","background-attachment":"scroll","background-type":"","background-media":"","overlay-type":"","overlay-color":"","overlay-opacity":"","overlay-gradient":""},"mobile":{"background-color":"var(--ast-global-color-5)","background-image":"","background-repeat":"repeat","background-position":"center center","background-size":"auto","background-attachment":"scroll","background-type":"","background-media":"","overlay-type":"","overlay-color":"","overlay-opacity":"","overlay-gradient":""}},"footnotes":""},"class_list":["post-21210","page","type-page","status-publish","hentry"],"yoast_head":"<!-- This site is optimized with the Yoast SEO plugin v27.4 - https:\/\/yoast.com\/product\/yoast-seo-wordpress\/ -->\n<title>Dormir dans un monument historique -<\/title>\n<meta name=\"robots\" content=\"index, follow, max-snippet:-1, max-image-preview:large, max-video-preview:-1\" \/>\n<link rel=\"canonical\" href=\"https:\/\/www.hotellecorbusier.com\/en\/monument-historique\/\" \/>\n<meta name=\"twitter:label1\" content=\"Est. reading time\" \/>\n\t<meta name=\"twitter:data1\" content=\"2 minutes\" \/>\n<script type=\"application\/ld+json\" class=\"yoast-schema-graph\">{\"@context\":\"https:\\\/\\\/schema.org\",\"@graph\":[{\"@type\":\"WebPage\",\"@id\":\"https:\\\/\\\/www.hotellecorbusier.com\\\/monument-historique\\\/\",\"url\":\"https:\\\/\\\/www.hotellecorbusier.com\\\/monument-historique\\\/\",\"name\":\"Dormir dans un monument historique -\",\"isPartOf\":{\"@id\":\"https:\\\/\\\/www.hotellecorbusier.com\\\/#website\"},\"datePublished\":\"2016-11-07T11:07:48+00:00\",\"dateModified\":\"2023-03-13T15:04:03+00:00\",\"breadcrumb\":{\"@id\":\"https:\\\/\\\/www.hotellecorbusier.com\\\/monument-historique\\\/#breadcrumb\"},\"inLanguage\":\"en-US\",\"potentialAction\":[{\"@type\":\"ReadAction\",\"target\":[\"https:\\\/\\\/www.hotellecorbusier.com\\\/monument-historique\\\/\"]}]},{\"@type\":\"BreadcrumbList\",\"@id\":\"https:\\\/\\\/www.hotellecorbusier.com\\\/monument-historique\\\/#breadcrumb\",\"itemListElement\":[{\"@type\":\"ListItem\",\"position\":1,\"name\":\"Accueil\",\"item\":\"https:\\\/\\\/www.hotellecorbusier.com\\\/\"},{\"@type\":\"ListItem\",\"position\":2,\"name\":\"Dormir dans un monument historique\"}]},{\"@type\":\"WebSite\",\"@id\":\"https:\\\/\\\/www.hotellecorbusier.com\\\/#website\",\"url\":\"https:\\\/\\\/www.hotellecorbusier.com\\\/\",\"name\":\"H\u00f4tel LE CORBUSIER\",\"description\":\"Meilleur prix sur internet garanti TOUJOURS MOINS CHER QUE BOOKING! R\u00e9servez en ligne maintenant sur le SITE OFFICIEL BOOK NOW, ALWAYS CHEAPER THAN BOOKING\",\"publisher\":{\"@id\":\"https:\\\/\\\/www.hotellecorbusier.com\\\/#organization\"},\"potentialAction\":[{\"@type\":\"SearchAction\",\"target\":{\"@type\":\"EntryPoint\",\"urlTemplate\":\"https:\\\/\\\/www.hotellecorbusier.com\\\/?s={search_term_string}\"},\"query-input\":{\"@type\":\"PropertyValueSpecification\",\"valueRequired\":true,\"valueName\":\"search_term_string\"}}],\"inLanguage\":\"en-US\"},{\"@type\":\"Organization\",\"@id\":\"https:\\\/\\\/www.hotellecorbusier.com\\\/#organization\",\"name\":\"H\u00f4tel LE CORBUSIER\",\"url\":\"https:\\\/\\\/www.hotellecorbusier.com\\\/\",\"logo\":{\"@type\":\"ImageObject\",\"inLanguage\":\"en-US\",\"@id\":\"https:\\\/\\\/www.hotellecorbusier.com\\\/#\\\/schema\\\/logo\\\/image\\\/\",\"url\":\"https:\\\/\\\/www.hotellecorbusier.com\\\/wp-content\\\/uploads\\\/2016\\\/08\\\/logo-corbusier_02.png\",\"contentUrl\":\"https:\\\/\\\/www.hotellecorbusier.com\\\/wp-content\\\/uploads\\\/2016\\\/08\\\/logo-corbusier_02.png\",\"width\":396,\"height\":190,\"caption\":\"H\u00f4tel LE CORBUSIER\"},\"image\":{\"@id\":\"https:\\\/\\\/www.hotellecorbusier.com\\\/#\\\/schema\\\/logo\\\/image\\\/\"}}]}<\/script>\n<!-- \/ Yoast SEO plugin. -->","yoast_head_json":{"title":"Dormir dans un monument historique -","robots":{"index":"index","follow":"follow","max-snippet":"max-snippet:-1","max-image-preview":"max-image-preview:large","max-video-preview":"max-video-preview:-1"},"canonical":"https:\/\/www.hotellecorbusier.com\/en\/monument-historique\/","twitter_misc":{"Est. reading time":"2 minutes"},"schema":{"@context":"https:\/\/schema.org","@graph":[{"@type":"WebPage","@id":"https:\/\/www.hotellecorbusier.com\/monument-historique\/","url":"https:\/\/www.hotellecorbusier.com\/monument-historique\/","name":"Dormir dans un monument historique -","isPartOf":{"@id":"https:\/\/www.hotellecorbusier.com\/#website"},"datePublished":"2016-11-07T11:07:48+00:00","dateModified":"2023-03-13T15:04:03+00:00","breadcrumb":{"@id":"https:\/\/www.hotellecorbusier.com\/monument-historique\/#breadcrumb"},"inLanguage":"en-US","potentialAction":[{"@type":"ReadAction","target":["https:\/\/www.hotellecorbusier.com\/monument-historique\/"]}]},{"@type":"BreadcrumbList","@id":"https:\/\/www.hotellecorbusier.com\/monument-historique\/#breadcrumb","itemListElement":[{"@type":"ListItem","position":1,"name":"Accueil","item":"https:\/\/www.hotellecorbusier.com\/"},{"@type":"ListItem","position":2,"name":"Dormir dans un monument historique"}]},{"@type":"WebSite","@id":"https:\/\/www.hotellecorbusier.com\/#website","url":"https:\/\/www.hotellecorbusier.com\/","name":"Le Corbusier Hotel","description":"Meilleur prix sur internet garanti TOUJOURS MOINS CHER QUE BOOKING! R\u00e9servez en ligne maintenant sur le SITE OFFICIEL BOOK NOW, ALWAYS CHEAPER THAN BOOKING","publisher":{"@id":"https:\/\/www.hotellecorbusier.com\/#organization"},"potentialAction":[{"@type":"SearchAction","target":{"@type":"EntryPoint","urlTemplate":"https:\/\/www.hotellecorbusier.com\/?s={search_term_string}"},"query-input":{"@type":"PropertyValueSpecification","valueRequired":true,"valueName":"search_term_string"}}],"inLanguage":"en-US"},{"@type":"Organization","@id":"https:\/\/www.hotellecorbusier.com\/#organization","name":"Le Corbusier Hotel","url":"https:\/\/www.hotellecorbusier.com\/","logo":{"@type":"ImageObject","inLanguage":"en-US","@id":"https:\/\/www.hotellecorbusier.com\/#\/schema\/logo\/image\/","url":"https:\/\/www.hotellecorbusier.com\/wp-content\/uploads\/2016\/08\/logo-corbusier_02.png","contentUrl":"https:\/\/www.hotellecorbusier.com\/wp-content\/uploads\/2016\/08\/logo-corbusier_02.png","width":396,"height":190,"caption":"H\u00f4tel LE CORBUSIER"},"image":{"@id":"https:\/\/www.hotellecorbusier.com\/#\/schema\/logo\/image\/"}}]}},"_links":{"self":[{"href":"https:\/\/www.hotellecorbusier.com\/en\/wp-json\/wp\/v2\/pages\/21210","targetHints":{"allow":["GET"]}}],"collection":[{"href":"https:\/\/www.hotellecorbusier.com\/en\/wp-json\/wp\/v2\/pages"}],"about":[{"href":"https:\/\/www.hotellecorbusier.com\/en\/wp-json\/wp\/v2\/types\/page"}],"author":[{"embeddable":true,"href":"https:\/\/www.hotellecorbusier.com\/en\/wp-json\/wp\/v2\/users\/1"}],"replies":[{"embeddable":true,"href":"https:\/\/www.hotellecorbusier.com\/en\/wp-json\/wp\/v2\/comments?post=21210"}],"version-history":[{"count":5,"href":"https:\/\/www.hotellecorbusier.com\/en\/wp-json\/wp\/v2\/pages\/21210\/revisions"}],"predecessor-version":[{"id":23490,"href":"https:\/\/www.hotellecorbusier.com\/en\/wp-json\/wp\/v2\/pages\/21210\/revisions\/23490"}],"wp:attachment":[{"href":"https:\/\/www.hotellecorbusier.com\/en\/wp-json\/wp\/v2\/media?parent=21210"}],"curies":[{"name":"wp","href":"https:\/\/api.w.org\/{rel}","templated":true}]}}