{"id":21474,"date":"2017-09-19T09:39:49","date_gmt":"2017-09-19T07:39:49","guid":{"rendered":"http:\/\/www.hotellecorbusier.com\/restaurant-copy\/"},"modified":"2023-04-06T15:01:20","modified_gmt":"2023-04-06T13:01:20","slug":"hotel-course-marseille-cassis","status":"publish","type":"page","link":"https:\/\/www.hotellecorbusier.com\/en\/hotel-course-marseille-cassis\/","title":{"rendered":"H\u00e9bergement course marseille cassis"},"content":{"rendered":"<div data-elementor-type=\"wp-page\" data-elementor-id=\"21474\" class=\"elementor elementor-21474\" data-elementor-post-type=\"page\">\n\t\t\t\t\t\t<section class=\"elementor-section elementor-top-section elementor-element elementor-element-75985deb elementor-section-boxed elementor-section-height-default elementor-section-height-default\" data-id=\"75985deb\" data-element_type=\"section\" data-e-type=\"section\">\n\t\t\t\t\t\t<div class=\"elementor-container elementor-column-gap-default\">\n\t\t\t\t\t<div class=\"elementor-column elementor-col-100 elementor-top-column elementor-element elementor-element-d419b9c\" data-id=\"d419b9c\" data-element_type=\"column\" data-e-type=\"column\">\n\t\t\t<div class=\"elementor-widget-wrap elementor-element-populated\">\n\t\t\t\t\t\t<div class=\"elementor-element elementor-element-706927d0 elementor-widget elementor-widget-text-editor\" data-id=\"706927d0\" data-element_type=\"widget\" data-e-type=\"widget\" data-widget_type=\"text-editor.default\">\n\t\t\t\t<div class=\"elementor-widget-container\">\n\t\t\t\t\t\t\t\t\t<h1 style=\"text-align: center;\"><span style=\"color: #000000;\">Bien choisir son h\u00e9bergement course marseille cassis<\/span><\/h1>\nTous les ans\u00a0, le dernier week end d\u2019Octobre se d\u00e9roule la course mythique de Marseille Cassis. La plus belle course des Bouches du rhone aura lieu sur une distance de 20 kilom\u00e8tres. L&rsquo;\u00e9preuve sur route est inscrite au calendrier de la F\u00e9d\u00e9ration Fran\u00e7aise d&rsquo;Athl\u00e9tisme pr\u00e9sid\u00e9e par Andr\u00e9 Giraud et au Label International FFA mais aussi au calendrier de la F\u00e9d\u00e9ration Internationale d&rsquo;Athl\u00e9tisme. Elle est class\u00e9e dans le top 50 des courses mondiales. Ce semi marathon 20 km Marseille-Cassis d\u00e9bute, sur les premiers kilom\u00e8tres, avec une travers\u00e9e de Marseille.\nL h\u00e9bergement course marseille cassis se trouve seulement \u00e0 11 minutes \u00e0 pied du d\u00e9part de la course et \u00e0 7 minutes des transports en commun. Un petit d\u00e9jeuner, \u00e9quilibr\u00e9 pour donner des forces pour la course, est servi t\u00f4t le matin. Apr\u00e8s un repos bien m\u00e9rit\u00e9 dans une chambre tr\u00e8s calme dot\u00e9e d&rsquo;une excellente literie pour passer une bonne nuit et \u00eatre bien repos\u00e9 le jour j, l&rsquo;athl\u00e8te b\u00e9n\u00e9ficie des services du restaurant avec menu sportif bien adapt\u00e9 \u00e0 l&rsquo;effort fourni. C&rsquo;est avec convivialit\u00e9 que l h\u00f4tel semi-marathon marseille accueille d\u00e8s la ligne d arriv\u00e9e de la course marseille cassis. Chaque dossard a droit \u00e0 un ravitaillement prenant en compte les besoins du sportif tout au long du parcours marseille cassis. Le d\u00e9part se fait au stade v\u00e9lodrome et l&rsquo;arriv\u00e9e sur le port de Cassis. A l&rsquo;image de Ren\u00e9 Gineste, les athl\u00e8tes se distinguent par leur endurance et leur envie de vaincre \u00e0 tout prix sans craindre les kilom\u00e8tres.\n<h2 style=\"text-align: center;\"><span style=\"color: #000000;\">Ressourcez-vous dans votre h\u00f4tel semi-marathon marseille !<\/span><\/h2>\nL h\u00e9bergement course marseille cassis propose une chambre avec vue, bien \u00e9quip\u00e9e et au d\u00e9cor soign\u00e9. Id\u00e9al pour r\u00e9cup\u00e9rer apr\u00e8s les s\u00e9ances d entrainement semi marathon et de conseils \u00e0 la pratique sportive, l h\u00f4tel semi-marathon marseille offre un cadre agr\u00e9able et des prestations expertes. Parce qu&rsquo;il soutient les coureurs du semi marathon marseille cassis, il leur permet d&rsquo;acc\u00e9der au meilleur de Marseille : la mer, la gastronomie, la richesse des paysages&#8230; Courir marseille cassis est la solution pour d\u00e9couvrir \u00e0 son rythme les quartiers embl\u00e9matiques de la cit\u00e9 phoc\u00e9enne et la baie de Cassis.\n<h2 style=\"text-align: center;\"><span style=\"color: #000000;\">Partir du bon pied gr\u00e2ce \u00e0 une literie de qualit\u00e9<\/span><\/h2>\nVous souhaitez r\u00e9ussir \u00e0 vous placer dans cette course c\u00e9l\u00e9bre ? R\u00e9servez d\u00e8s maintenant une chambre et un petit d\u00e9jeuner sportif dans un h\u00f4tel au d\u00e9cor idyllique pouvant vous d\u00e9livrer dans les d\u00e9tails le plan entrainement marseille cassis\t\t\t\t\t\t\t\t<\/div>\n\t\t\t\t<\/div>\n\t\t\t\t\t<\/div>\n\t\t<\/div>\n\t\t\t\t\t<\/div>\n\t\t<\/section>\n\t\t\t\t<\/div>","protected":false},"excerpt":{"rendered":"<p>Bien choisir son h\u00e9bergement course marseille cassis Tous les ans\u00a0, le dernier week end d\u2019Octobre se d\u00e9roule la course mythique de Marseille Cassis. La plus belle course des Bouches du rhone aura lieu sur une distance de 20 kilom\u00e8tres. L&rsquo;\u00e9preuve sur route est inscrite au calendrier de la F\u00e9d\u00e9ration Fran\u00e7aise d&rsquo;Athl\u00e9tisme pr\u00e9sid\u00e9e par Andr\u00e9 Giraud [&hellip;]<\/p>\n","protected":false},"author":1,"featured_media":0,"parent":0,"menu_order":0,"comment_status":"open","ping_status":"closed","template":"","meta":{"site-sidebar-layout":"default","site-content-layout":"","ast-site-content-layout":"default","site-content-style":"default","site-sidebar-style":"default","ast-global-header-display":"","ast-banner-title-visibility":"","ast-main-header-display":"","ast-hfb-above-header-display":"","ast-hfb-below-header-display":"","ast-hfb-mobile-header-display":"","site-post-title":"","ast-breadcrumbs-content":"","ast-featured-img":"","footer-sml-layout":"","ast-disable-related-posts":"","theme-transparent-header-meta":"","adv-header-id-meta":"","stick-header-meta":"","header-above-stick-meta":"","header-main-stick-meta":"","header-below-stick-meta":"","astra-migrate-meta-layouts":"default","ast-page-background-enabled":"default","ast-page-background-meta":{"desktop":{"background-color":"","background-image":"","background-repeat":"repeat","background-position":"center center","background-size":"auto","background-attachment":"scroll","background-type":"","background-media":"","overlay-type":"","overlay-color":"","overlay-opacity":"","overlay-gradient":""},"tablet":{"background-color":"","background-image":"","background-repeat":"repeat","background-position":"center center","background-size":"auto","background-attachment":"scroll","background-type":"","background-media":"","overlay-type":"","overlay-color":"","overlay-opacity":"","overlay-gradient":""},"mobile":{"background-color":"","background-image":"","background-repeat":"repeat","background-position":"center center","background-size":"auto","background-attachment":"scroll","background-type":"","background-media":"","overlay-type":"","overlay-color":"","overlay-opacity":"","overlay-gradient":""}},"ast-content-background-meta":{"desktop":{"background-color":"var(--ast-global-color-5)","background-image":"","background-repeat":"repeat","background-position":"center center","background-size":"auto","background-attachment":"scroll","background-type":"","background-media":"","overlay-type":"","overlay-color":"","overlay-opacity":"","overlay-gradient":""},"tablet":{"background-color":"var(--ast-global-color-5)","background-image":"","background-repeat":"repeat","background-position":"center center","background-size":"auto","background-attachment":"scroll","background-type":"","background-media":"","overlay-type":"","overlay-color":"","overlay-opacity":"","overlay-gradient":""},"mobile":{"background-color":"var(--ast-global-color-5)","background-image":"","background-repeat":"repeat","background-position":"center center","background-size":"auto","background-attachment":"scroll","background-type":"","background-media":"","overlay-type":"","overlay-color":"","overlay-opacity":"","overlay-gradient":""}},"footnotes":""},"class_list":["post-21474","page","type-page","status-publish","hentry"],"yoast_head":"<!-- This site is optimized with the Yoast SEO plugin v27.5 - https:\/\/yoast.com\/product\/yoast-seo-wordpress\/ -->\n<title>Hotel pour course Marseille Cassis Le Corbusier<\/title>\n<meta name=\"description\" content=\"Notre restaurant gastronomique marseille vous propose un voyage vintage dans le c\u00e9l\u00e8bre h\u00f4tel du Corbusier. N&#039;h\u00e9sitez pas \u00e0 r\u00e9server votre table.\" \/>\n<meta name=\"robots\" content=\"index, follow, max-snippet:-1, max-image-preview:large, max-video-preview:-1\" \/>\n<link rel=\"canonical\" href=\"https:\/\/www.hotellecorbusier.com\/en\/hotel-course-marseille-cassis\/\" \/>\n<meta name=\"twitter:label1\" content=\"Est. reading time\" \/>\n\t<meta name=\"twitter:data1\" content=\"3 minutes\" \/>\n<script type=\"application\/ld+json\" class=\"yoast-schema-graph\">{\"@context\":\"https:\\\/\\\/schema.org\",\"@graph\":[{\"@type\":\"WebPage\",\"@id\":\"https:\\\/\\\/www.hotellecorbusier.com\\\/hotel-course-marseille-cassis\\\/\",\"url\":\"https:\\\/\\\/www.hotellecorbusier.com\\\/hotel-course-marseille-cassis\\\/\",\"name\":\"Hotel pour course Marseille Cassis Le Corbusier\",\"isPartOf\":{\"@id\":\"https:\\\/\\\/www.hotellecorbusier.com\\\/#website\"},\"datePublished\":\"2017-09-19T07:39:49+00:00\",\"dateModified\":\"2023-04-06T13:01:20+00:00\",\"description\":\"Notre restaurant gastronomique marseille vous propose un voyage vintage dans le c\u00e9l\u00e8bre h\u00f4tel du Corbusier. N'h\u00e9sitez pas \u00e0 r\u00e9server votre table.\",\"breadcrumb\":{\"@id\":\"https:\\\/\\\/www.hotellecorbusier.com\\\/hotel-course-marseille-cassis\\\/#breadcrumb\"},\"inLanguage\":\"en-US\",\"potentialAction\":[{\"@type\":\"ReadAction\",\"target\":[\"https:\\\/\\\/www.hotellecorbusier.com\\\/hotel-course-marseille-cassis\\\/\"]}]},{\"@type\":\"BreadcrumbList\",\"@id\":\"https:\\\/\\\/www.hotellecorbusier.com\\\/hotel-course-marseille-cassis\\\/#breadcrumb\",\"itemListElement\":[{\"@type\":\"ListItem\",\"position\":1,\"name\":\"Accueil\",\"item\":\"https:\\\/\\\/www.hotellecorbusier.com\\\/\"},{\"@type\":\"ListItem\",\"position\":2,\"name\":\"H\u00e9bergement course marseille cassis\"}]},{\"@type\":\"WebSite\",\"@id\":\"https:\\\/\\\/www.hotellecorbusier.com\\\/#website\",\"url\":\"https:\\\/\\\/www.hotellecorbusier.com\\\/\",\"name\":\"H\u00f4tel LE CORBUSIER\",\"description\":\"Meilleur prix sur internet garanti TOUJOURS MOINS CHER QUE BOOKING! R\u00e9servez en ligne maintenant sur le SITE OFFICIEL BOOK NOW, ALWAYS CHEAPER THAN BOOKING\",\"publisher\":{\"@id\":\"https:\\\/\\\/www.hotellecorbusier.com\\\/#organization\"},\"potentialAction\":[{\"@type\":\"SearchAction\",\"target\":{\"@type\":\"EntryPoint\",\"urlTemplate\":\"https:\\\/\\\/www.hotellecorbusier.com\\\/?s={search_term_string}\"},\"query-input\":{\"@type\":\"PropertyValueSpecification\",\"valueRequired\":true,\"valueName\":\"search_term_string\"}}],\"inLanguage\":\"en-US\"},{\"@type\":\"Organization\",\"@id\":\"https:\\\/\\\/www.hotellecorbusier.com\\\/#organization\",\"name\":\"H\u00f4tel LE CORBUSIER\",\"url\":\"https:\\\/\\\/www.hotellecorbusier.com\\\/\",\"logo\":{\"@type\":\"ImageObject\",\"inLanguage\":\"en-US\",\"@id\":\"https:\\\/\\\/www.hotellecorbusier.com\\\/#\\\/schema\\\/logo\\\/image\\\/\",\"url\":\"https:\\\/\\\/www.hotellecorbusier.com\\\/wp-content\\\/uploads\\\/2016\\\/08\\\/logo-corbusier_02.png\",\"contentUrl\":\"https:\\\/\\\/www.hotellecorbusier.com\\\/wp-content\\\/uploads\\\/2016\\\/08\\\/logo-corbusier_02.png\",\"width\":396,\"height\":190,\"caption\":\"H\u00f4tel LE CORBUSIER\"},\"image\":{\"@id\":\"https:\\\/\\\/www.hotellecorbusier.com\\\/#\\\/schema\\\/logo\\\/image\\\/\"}}]}<\/script>\n<!-- \/ Yoast SEO plugin. -->","yoast_head_json":{"title":"Hotel pour course Marseille Cassis Le Corbusier","description":"Notre restaurant gastronomique marseille vous propose un voyage vintage dans le c\u00e9l\u00e8bre h\u00f4tel du Corbusier. N'h\u00e9sitez pas \u00e0 r\u00e9server votre table.","robots":{"index":"index","follow":"follow","max-snippet":"max-snippet:-1","max-image-preview":"max-image-preview:large","max-video-preview":"max-video-preview:-1"},"canonical":"https:\/\/www.hotellecorbusier.com\/en\/hotel-course-marseille-cassis\/","twitter_misc":{"Est. reading time":"3 minutes"},"schema":{"@context":"https:\/\/schema.org","@graph":[{"@type":"WebPage","@id":"https:\/\/www.hotellecorbusier.com\/hotel-course-marseille-cassis\/","url":"https:\/\/www.hotellecorbusier.com\/hotel-course-marseille-cassis\/","name":"Hotel pour course Marseille Cassis Le Corbusier","isPartOf":{"@id":"https:\/\/www.hotellecorbusier.com\/#website"},"datePublished":"2017-09-19T07:39:49+00:00","dateModified":"2023-04-06T13:01:20+00:00","description":"Notre restaurant gastronomique marseille vous propose un voyage vintage dans le c\u00e9l\u00e8bre h\u00f4tel du Corbusier. N'h\u00e9sitez pas \u00e0 r\u00e9server votre table.","breadcrumb":{"@id":"https:\/\/www.hotellecorbusier.com\/hotel-course-marseille-cassis\/#breadcrumb"},"inLanguage":"en-US","potentialAction":[{"@type":"ReadAction","target":["https:\/\/www.hotellecorbusier.com\/hotel-course-marseille-cassis\/"]}]},{"@type":"BreadcrumbList","@id":"https:\/\/www.hotellecorbusier.com\/hotel-course-marseille-cassis\/#breadcrumb","itemListElement":[{"@type":"ListItem","position":1,"name":"Accueil","item":"https:\/\/www.hotellecorbusier.com\/"},{"@type":"ListItem","position":2,"name":"H\u00e9bergement course marseille cassis"}]},{"@type":"WebSite","@id":"https:\/\/www.hotellecorbusier.com\/#website","url":"https:\/\/www.hotellecorbusier.com\/","name":"Le Corbusier Hotel","description":"Meilleur prix sur internet garanti TOUJOURS MOINS CHER QUE BOOKING! R\u00e9servez en ligne maintenant sur le SITE OFFICIEL BOOK NOW, ALWAYS CHEAPER THAN BOOKING","publisher":{"@id":"https:\/\/www.hotellecorbusier.com\/#organization"},"potentialAction":[{"@type":"SearchAction","target":{"@type":"EntryPoint","urlTemplate":"https:\/\/www.hotellecorbusier.com\/?s={search_term_string}"},"query-input":{"@type":"PropertyValueSpecification","valueRequired":true,"valueName":"search_term_string"}}],"inLanguage":"en-US"},{"@type":"Organization","@id":"https:\/\/www.hotellecorbusier.com\/#organization","name":"Le Corbusier Hotel","url":"https:\/\/www.hotellecorbusier.com\/","logo":{"@type":"ImageObject","inLanguage":"en-US","@id":"https:\/\/www.hotellecorbusier.com\/#\/schema\/logo\/image\/","url":"https:\/\/www.hotellecorbusier.com\/wp-content\/uploads\/2016\/08\/logo-corbusier_02.png","contentUrl":"https:\/\/www.hotellecorbusier.com\/wp-content\/uploads\/2016\/08\/logo-corbusier_02.png","width":396,"height":190,"caption":"H\u00f4tel LE CORBUSIER"},"image":{"@id":"https:\/\/www.hotellecorbusier.com\/#\/schema\/logo\/image\/"}}]}},"_links":{"self":[{"href":"https:\/\/www.hotellecorbusier.com\/en\/wp-json\/wp\/v2\/pages\/21474","targetHints":{"allow":["GET"]}}],"collection":[{"href":"https:\/\/www.hotellecorbusier.com\/en\/wp-json\/wp\/v2\/pages"}],"about":[{"href":"https:\/\/www.hotellecorbusier.com\/en\/wp-json\/wp\/v2\/types\/page"}],"author":[{"embeddable":true,"href":"https:\/\/www.hotellecorbusier.com\/en\/wp-json\/wp\/v2\/users\/1"}],"replies":[{"embeddable":true,"href":"https:\/\/www.hotellecorbusier.com\/en\/wp-json\/wp\/v2\/comments?post=21474"}],"version-history":[{"count":19,"href":"https:\/\/www.hotellecorbusier.com\/en\/wp-json\/wp\/v2\/pages\/21474\/revisions"}],"predecessor-version":[{"id":23889,"href":"https:\/\/www.hotellecorbusier.com\/en\/wp-json\/wp\/v2\/pages\/21474\/revisions\/23889"}],"wp:attachment":[{"href":"https:\/\/www.hotellecorbusier.com\/en\/wp-json\/wp\/v2\/media?parent=21474"}],"curies":[{"name":"wp","href":"https:\/\/api.w.org\/{rel}","templated":true}]}}