{"id":21501,"date":"2017-10-23T11:33:32","date_gmt":"2017-10-23T09:33:32","guid":{"rendered":"http:\/\/www.hotellecorbusier.com\/hotel-course-marseille-cassis-copy\/"},"modified":"2023-03-13T16:29:02","modified_gmt":"2023-03-13T15:29:02","slug":"hebergement-paul-ricard","status":"publish","type":"page","link":"https:\/\/www.hotellecorbusier.com\/en\/hebergement-paul-ricard\/","title":{"rendered":"hebergement circuit paul ricard"},"content":{"rendered":"<div data-elementor-type=\"wp-page\" data-elementor-id=\"21501\" class=\"elementor elementor-21501\" data-elementor-post-type=\"page\">\n\t\t\t\t\t\t<section class=\"elementor-section elementor-top-section elementor-element elementor-element-10c1f77e elementor-section-boxed elementor-section-height-default elementor-section-height-default\" data-id=\"10c1f77e\" data-element_type=\"section\" data-e-type=\"section\">\n\t\t\t\t\t\t<div class=\"elementor-container elementor-column-gap-default\">\n\t\t\t\t\t<div class=\"elementor-column elementor-col-100 elementor-top-column elementor-element elementor-element-33ac8b4d\" data-id=\"33ac8b4d\" data-element_type=\"column\" data-e-type=\"column\">\n\t\t\t<div class=\"elementor-widget-wrap elementor-element-populated\">\n\t\t\t\t\t\t<div class=\"elementor-element elementor-element-3291510d elementor-widget elementor-widget-text-editor\" data-id=\"3291510d\" data-element_type=\"widget\" data-e-type=\"widget\" data-widget_type=\"text-editor.default\">\n\t\t\t\t<div class=\"elementor-widget-container\">\n\t\t\t\t\t\t\t\t\t<h1 style=\"text-align: center;\"><span style=\"color: #fbff00;\">Votre hebergement proche du circuit paul ricard<\/span><\/h1>\n<p>Venez d\u00e9couvrir le grand prix de france de F1 ! Notre hotel proche du grand prix du castellet est tout \u00e0 c\u00f4t\u00e9 du Tunnel Prado-Car\u00e9nage. Sa situation est id\u00e9ale pour \u00e9viter les bouchons et arriver rapidement au castellet. Implant\u00e9 au c\u0153ur de Marseille \u00e0 deux pas du Castellet, il dispose d&rsquo;un service de restauration de qualit\u00e9 et d&rsquo;un parking gratuit. Cet hebergement proche circuit paul ricard b\u00e9n\u00e9ficie d&rsquo;une situation privil\u00e9gi\u00e9e, \u00e0 quelques kilom\u00e8tres de l a\u00e9roport marseille provence. Il s&rsquo;agit d&rsquo;un hotel avec restaurant r\u00e9put\u00e9, appr\u00e9ci\u00e9 pour ses prestations expertes et son service de qualit\u00e9.<br>\nNotre hebergement proche circuit paul ricard vous aide \u00e0 vous reposer avant les comp\u00e9titions et plus particuli\u00e8rement le grand prix de france. Notre hotel \u00e0 proximit\u00e9 du village m\u00e9di\u00e9val du Castellet est donc le pied-\u00e0-terre id\u00e9al pour assister au grand prix de france du castellet. Face \u00e0 la mer, notre hotel d&rsquo;architecte, hotel atypique class\u00e9 au patrimoine mondial de l&rsquo;unesco, vous invite \u00e0 d\u00e9couvrir Marseille et \u00e0 visiter le castellet. Ce sera l&rsquo;occasion de vous ressourcer dans les Alpilles et le Massif de la sainte baume. Le cadre enchanteur autour de notre hotel grand prix ne pourra que vous laisser de merveilleux souvenirs<\/p>\n<h2 style=\"text-align: center;\"><span style=\"color: #fbff00;\">Dormir dans un hotel proche du grand prix du castellet<\/span><\/h2>\n<p>Profitez de la course dans les meilleures conditions en vous restaurant et en dormant dans notre hotel le corbusier, hotel proche du grand prix du castellet. Vous souhaitez r\u00e9server dans un hotel proche du circuit du Castelet ? Cliquez simplement sur le notre module de r\u00e9servation en haut de page et d\u00e9couvrez l&rsquo;ensemble de nos chambres avec les tarifs !]<\/p>\t\t\t\t\t\t\t\t<\/div>\n\t\t\t\t<\/div>\n\t\t\t\t\t<\/div>\n\t\t<\/div>\n\t\t\t\t\t<\/div>\n\t\t<\/section>\n\t\t\t\t<\/div>","protected":false},"excerpt":{"rendered":"<p>Votre hebergement proche du circuit paul ricard Venez d\u00e9couvrir le grand prix de france de F1 ! Notre hotel proche du grand prix du castellet est tout \u00e0 c\u00f4t\u00e9 du Tunnel Prado-Car\u00e9nage. Sa situation est id\u00e9ale pour \u00e9viter les bouchons et arriver rapidement au castellet. Implant\u00e9 au c\u0153ur de Marseille \u00e0 deux pas du Castellet, [&hellip;]<\/p>\n","protected":false},"author":1,"featured_media":0,"parent":0,"menu_order":0,"comment_status":"open","ping_status":"closed","template":"","meta":{"site-sidebar-layout":"default","site-content-layout":"","ast-site-content-layout":"default","site-content-style":"default","site-sidebar-style":"default","ast-global-header-display":"","ast-banner-title-visibility":"","ast-main-header-display":"","ast-hfb-above-header-display":"","ast-hfb-below-header-display":"","ast-hfb-mobile-header-display":"","site-post-title":"","ast-breadcrumbs-content":"","ast-featured-img":"","footer-sml-layout":"","ast-disable-related-posts":"","theme-transparent-header-meta":"","adv-header-id-meta":"","stick-header-meta":"","header-above-stick-meta":"","header-main-stick-meta":"","header-below-stick-meta":"","astra-migrate-meta-layouts":"default","ast-page-background-enabled":"default","ast-page-background-meta":{"desktop":{"background-color":"","background-image":"","background-repeat":"repeat","background-position":"center center","background-size":"auto","background-attachment":"scroll","background-type":"","background-media":"","overlay-type":"","overlay-color":"","overlay-opacity":"","overlay-gradient":""},"tablet":{"background-color":"","background-image":"","background-repeat":"repeat","background-position":"center center","background-size":"auto","background-attachment":"scroll","background-type":"","background-media":"","overlay-type":"","overlay-color":"","overlay-opacity":"","overlay-gradient":""},"mobile":{"background-color":"","background-image":"","background-repeat":"repeat","background-position":"center center","background-size":"auto","background-attachment":"scroll","background-type":"","background-media":"","overlay-type":"","overlay-color":"","overlay-opacity":"","overlay-gradient":""}},"ast-content-background-meta":{"desktop":{"background-color":"var(--ast-global-color-5)","background-image":"","background-repeat":"repeat","background-position":"center center","background-size":"auto","background-attachment":"scroll","background-type":"","background-media":"","overlay-type":"","overlay-color":"","overlay-opacity":"","overlay-gradient":""},"tablet":{"background-color":"var(--ast-global-color-5)","background-image":"","background-repeat":"repeat","background-position":"center center","background-size":"auto","background-attachment":"scroll","background-type":"","background-media":"","overlay-type":"","overlay-color":"","overlay-opacity":"","overlay-gradient":""},"mobile":{"background-color":"var(--ast-global-color-5)","background-image":"","background-repeat":"repeat","background-position":"center center","background-size":"auto","background-attachment":"scroll","background-type":"","background-media":"","overlay-type":"","overlay-color":"","overlay-opacity":"","overlay-gradient":""}},"footnotes":""},"class_list":["post-21501","page","type-page","status-publish","hentry"],"yoast_head":"<!-- This site is optimized with the Yoast SEO plugin v27.4 - https:\/\/yoast.com\/product\/yoast-seo-wordpress\/ -->\n<title>H\u00e9bergement proche du circuit paul ricard - H\u00f4tel LE CORBUSIER<\/title>\n<meta name=\"description\" content=\"Venez d\u00e9couvrir le grand prix de france de F1 ! Notre hotel proche du grand prix du castellet est tout \u00e0 c\u00f4t\u00e9 du Tunnel Prado-Car\u00e9nage.\" \/>\n<meta name=\"robots\" content=\"index, follow, max-snippet:-1, max-image-preview:large, max-video-preview:-1\" \/>\n<link rel=\"canonical\" href=\"https:\/\/www.hotellecorbusier.com\/en\/hebergement-paul-ricard\/\" \/>\n<meta name=\"twitter:label1\" content=\"Est. reading time\" \/>\n\t<meta name=\"twitter:data1\" content=\"2 minutes\" \/>\n<script type=\"application\/ld+json\" class=\"yoast-schema-graph\">{\"@context\":\"https:\\\/\\\/schema.org\",\"@graph\":[{\"@type\":\"WebPage\",\"@id\":\"https:\\\/\\\/www.hotellecorbusier.com\\\/hebergement-paul-ricard\\\/\",\"url\":\"https:\\\/\\\/www.hotellecorbusier.com\\\/hebergement-paul-ricard\\\/\",\"name\":\"H\u00e9bergement proche du circuit paul ricard - H\u00f4tel LE CORBUSIER\",\"isPartOf\":{\"@id\":\"https:\\\/\\\/www.hotellecorbusier.com\\\/#website\"},\"datePublished\":\"2017-10-23T09:33:32+00:00\",\"dateModified\":\"2023-03-13T15:29:02+00:00\",\"description\":\"Venez d\u00e9couvrir le grand prix de france de F1 ! Notre hotel proche du grand prix du castellet est tout \u00e0 c\u00f4t\u00e9 du Tunnel Prado-Car\u00e9nage.\",\"breadcrumb\":{\"@id\":\"https:\\\/\\\/www.hotellecorbusier.com\\\/hebergement-paul-ricard\\\/#breadcrumb\"},\"inLanguage\":\"en-US\",\"potentialAction\":[{\"@type\":\"ReadAction\",\"target\":[\"https:\\\/\\\/www.hotellecorbusier.com\\\/hebergement-paul-ricard\\\/\"]}]},{\"@type\":\"BreadcrumbList\",\"@id\":\"https:\\\/\\\/www.hotellecorbusier.com\\\/hebergement-paul-ricard\\\/#breadcrumb\",\"itemListElement\":[{\"@type\":\"ListItem\",\"position\":1,\"name\":\"Accueil\",\"item\":\"https:\\\/\\\/www.hotellecorbusier.com\\\/\"},{\"@type\":\"ListItem\",\"position\":2,\"name\":\"hebergement circuit paul ricard\"}]},{\"@type\":\"WebSite\",\"@id\":\"https:\\\/\\\/www.hotellecorbusier.com\\\/#website\",\"url\":\"https:\\\/\\\/www.hotellecorbusier.com\\\/\",\"name\":\"H\u00f4tel LE CORBUSIER\",\"description\":\"Meilleur prix sur internet garanti TOUJOURS MOINS CHER QUE BOOKING! R\u00e9servez en ligne maintenant sur le SITE OFFICIEL BOOK NOW, ALWAYS CHEAPER THAN BOOKING\",\"publisher\":{\"@id\":\"https:\\\/\\\/www.hotellecorbusier.com\\\/#organization\"},\"potentialAction\":[{\"@type\":\"SearchAction\",\"target\":{\"@type\":\"EntryPoint\",\"urlTemplate\":\"https:\\\/\\\/www.hotellecorbusier.com\\\/?s={search_term_string}\"},\"query-input\":{\"@type\":\"PropertyValueSpecification\",\"valueRequired\":true,\"valueName\":\"search_term_string\"}}],\"inLanguage\":\"en-US\"},{\"@type\":\"Organization\",\"@id\":\"https:\\\/\\\/www.hotellecorbusier.com\\\/#organization\",\"name\":\"H\u00f4tel LE CORBUSIER\",\"url\":\"https:\\\/\\\/www.hotellecorbusier.com\\\/\",\"logo\":{\"@type\":\"ImageObject\",\"inLanguage\":\"en-US\",\"@id\":\"https:\\\/\\\/www.hotellecorbusier.com\\\/#\\\/schema\\\/logo\\\/image\\\/\",\"url\":\"https:\\\/\\\/www.hotellecorbusier.com\\\/wp-content\\\/uploads\\\/2016\\\/08\\\/logo-corbusier_02.png\",\"contentUrl\":\"https:\\\/\\\/www.hotellecorbusier.com\\\/wp-content\\\/uploads\\\/2016\\\/08\\\/logo-corbusier_02.png\",\"width\":396,\"height\":190,\"caption\":\"H\u00f4tel LE CORBUSIER\"},\"image\":{\"@id\":\"https:\\\/\\\/www.hotellecorbusier.com\\\/#\\\/schema\\\/logo\\\/image\\\/\"}}]}<\/script>\n<!-- \/ Yoast SEO plugin. -->","yoast_head_json":{"title":"H\u00e9bergement proche du circuit paul ricard - H\u00f4tel LE CORBUSIER","description":"Venez d\u00e9couvrir le grand prix de france de F1 ! Notre hotel proche du grand prix du castellet est tout \u00e0 c\u00f4t\u00e9 du Tunnel Prado-Car\u00e9nage.","robots":{"index":"index","follow":"follow","max-snippet":"max-snippet:-1","max-image-preview":"max-image-preview:large","max-video-preview":"max-video-preview:-1"},"canonical":"https:\/\/www.hotellecorbusier.com\/en\/hebergement-paul-ricard\/","twitter_misc":{"Est. reading time":"2 minutes"},"schema":{"@context":"https:\/\/schema.org","@graph":[{"@type":"WebPage","@id":"https:\/\/www.hotellecorbusier.com\/hebergement-paul-ricard\/","url":"https:\/\/www.hotellecorbusier.com\/hebergement-paul-ricard\/","name":"H\u00e9bergement proche du circuit paul ricard - H\u00f4tel LE CORBUSIER","isPartOf":{"@id":"https:\/\/www.hotellecorbusier.com\/#website"},"datePublished":"2017-10-23T09:33:32+00:00","dateModified":"2023-03-13T15:29:02+00:00","description":"Venez d\u00e9couvrir le grand prix de france de F1 ! Notre hotel proche du grand prix du castellet est tout \u00e0 c\u00f4t\u00e9 du Tunnel Prado-Car\u00e9nage.","breadcrumb":{"@id":"https:\/\/www.hotellecorbusier.com\/hebergement-paul-ricard\/#breadcrumb"},"inLanguage":"en-US","potentialAction":[{"@type":"ReadAction","target":["https:\/\/www.hotellecorbusier.com\/hebergement-paul-ricard\/"]}]},{"@type":"BreadcrumbList","@id":"https:\/\/www.hotellecorbusier.com\/hebergement-paul-ricard\/#breadcrumb","itemListElement":[{"@type":"ListItem","position":1,"name":"Accueil","item":"https:\/\/www.hotellecorbusier.com\/"},{"@type":"ListItem","position":2,"name":"hebergement circuit paul ricard"}]},{"@type":"WebSite","@id":"https:\/\/www.hotellecorbusier.com\/#website","url":"https:\/\/www.hotellecorbusier.com\/","name":"Le Corbusier Hotel","description":"Meilleur prix sur internet garanti TOUJOURS MOINS CHER QUE BOOKING! R\u00e9servez en ligne maintenant sur le SITE OFFICIEL BOOK NOW, ALWAYS CHEAPER THAN BOOKING","publisher":{"@id":"https:\/\/www.hotellecorbusier.com\/#organization"},"potentialAction":[{"@type":"SearchAction","target":{"@type":"EntryPoint","urlTemplate":"https:\/\/www.hotellecorbusier.com\/?s={search_term_string}"},"query-input":{"@type":"PropertyValueSpecification","valueRequired":true,"valueName":"search_term_string"}}],"inLanguage":"en-US"},{"@type":"Organization","@id":"https:\/\/www.hotellecorbusier.com\/#organization","name":"Le Corbusier Hotel","url":"https:\/\/www.hotellecorbusier.com\/","logo":{"@type":"ImageObject","inLanguage":"en-US","@id":"https:\/\/www.hotellecorbusier.com\/#\/schema\/logo\/image\/","url":"https:\/\/www.hotellecorbusier.com\/wp-content\/uploads\/2016\/08\/logo-corbusier_02.png","contentUrl":"https:\/\/www.hotellecorbusier.com\/wp-content\/uploads\/2016\/08\/logo-corbusier_02.png","width":396,"height":190,"caption":"H\u00f4tel LE CORBUSIER"},"image":{"@id":"https:\/\/www.hotellecorbusier.com\/#\/schema\/logo\/image\/"}}]}},"_links":{"self":[{"href":"https:\/\/www.hotellecorbusier.com\/en\/wp-json\/wp\/v2\/pages\/21501","targetHints":{"allow":["GET"]}}],"collection":[{"href":"https:\/\/www.hotellecorbusier.com\/en\/wp-json\/wp\/v2\/pages"}],"about":[{"href":"https:\/\/www.hotellecorbusier.com\/en\/wp-json\/wp\/v2\/types\/page"}],"author":[{"embeddable":true,"href":"https:\/\/www.hotellecorbusier.com\/en\/wp-json\/wp\/v2\/users\/1"}],"replies":[{"embeddable":true,"href":"https:\/\/www.hotellecorbusier.com\/en\/wp-json\/wp\/v2\/comments?post=21501"}],"version-history":[{"count":5,"href":"https:\/\/www.hotellecorbusier.com\/en\/wp-json\/wp\/v2\/pages\/21501\/revisions"}],"predecessor-version":[{"id":23503,"href":"https:\/\/www.hotellecorbusier.com\/en\/wp-json\/wp\/v2\/pages\/21501\/revisions\/23503"}],"wp:attachment":[{"href":"https:\/\/www.hotellecorbusier.com\/en\/wp-json\/wp\/v2\/media?parent=21501"}],"curies":[{"name":"wp","href":"https:\/\/api.w.org\/{rel}","templated":true}]}}