{"id":23152,"date":"2022-05-20T10:38:22","date_gmt":"2022-05-20T08:38:22","guid":{"rendered":"https:\/\/www.hotellecorbusier.com\/restaurant-copy\/"},"modified":"2022-05-20T13:55:55","modified_gmt":"2022-05-20T11:55:55","slug":"politique-de-confidentialite","status":"publish","type":"page","link":"https:\/\/www.hotellecorbusier.com\/en\/politique-de-confidentialite\/","title":{"rendered":"Privacy Policy"},"content":{"rendered":"<div data-elementor-type=\"wp-page\" data-elementor-id=\"23152\" class=\"elementor elementor-23152\" data-elementor-post-type=\"page\">\n\t\t\t\t\t\t<section class=\"elementor-section elementor-top-section elementor-element elementor-element-8cc4acf elementor-section-height-min-height elementor-section-full_width elementor-section-stretched elementor-section-height-default elementor-section-items-middle\" data-id=\"8cc4acf\" data-element_type=\"section\" data-e-type=\"section\" id=\"sectionavectitle\" data-settings=\"{&quot;background_background&quot;:&quot;classic&quot;,&quot;stretch_section&quot;:&quot;section-stretched&quot;}\">\n\t\t\t\t\t\t\t<div class=\"elementor-background-overlay\"><\/div>\n\t\t\t\t\t\t\t<div class=\"elementor-container elementor-column-gap-no\">\n\t\t\t\t\t<div class=\"elementor-column elementor-col-100 elementor-top-column elementor-element elementor-element-77a5308\" data-id=\"77a5308\" data-element_type=\"column\" data-e-type=\"column\">\n\t\t\t<div class=\"elementor-widget-wrap elementor-element-populated\">\n\t\t\t\t\t\t<div class=\"elementor-element elementor-element-9eadd6c elementor-widget elementor-widget-heading\" data-id=\"9eadd6c\" data-element_type=\"widget\" data-e-type=\"widget\" id=\"titlesection\" data-widget_type=\"heading.default\">\n\t\t\t\t<div class=\"elementor-widget-container\">\n\t\t\t\t\t<h1 class=\"elementor-heading-title elementor-size-default\">POLITIQUE DE CONFIDENTIALIT\u00c9<\/h1>\t\t\t\t<\/div>\n\t\t\t\t<\/div>\n\t\t\t\t\t<\/div>\n\t\t<\/div>\n\t\t\t\t\t<\/div>\n\t\t<\/section>\n\t\t\t\t<section class=\"elementor-section elementor-top-section elementor-element elementor-element-663affd elementor-section-stretched elementor-section-boxed elementor-section-height-default elementor-section-height-default\" data-id=\"663affd\" data-element_type=\"section\" data-e-type=\"section\" id=\"basesection\" data-settings=\"{&quot;stretch_section&quot;:&quot;section-stretched&quot;,&quot;background_background&quot;:&quot;classic&quot;}\">\n\t\t\t\t\t\t<div class=\"elementor-container elementor-column-gap-default\">\n\t\t\t\t\t<div class=\"elementor-column elementor-col-100 elementor-top-column elementor-element elementor-element-6870f9f\" data-id=\"6870f9f\" data-element_type=\"column\" data-e-type=\"column\">\n\t\t\t<div class=\"elementor-widget-wrap elementor-element-populated\">\n\t\t\t\t\t\t<div class=\"elementor-element elementor-element-faf7f02 elementor-widget elementor-widget-text-editor\" data-id=\"faf7f02\" data-element_type=\"widget\" data-e-type=\"widget\" id=\"texte1\" data-widget_type=\"text-editor.default\">\n\t\t\t\t<div class=\"elementor-widget-container\">\n\t\t\t\t\t\t\t\t\t<p>L&rsquo;h\u00f4tel Corbusier s\u2019engage \u00e0 ce que la collecte et le traitement de vos donn\u00e9es, effectu\u00e9s \u00e0 partir du site https:\/\/www.hotellecorbusier.com soient conformes au r\u00e8glement g\u00e9n\u00e9ral sur la protection des donn\u00e9es (RGPD) et \u00e0 la loi Informatique et Libert\u00e9s.<\/p><p>Les donn\u00e9es personnelles recueillies dans le cadre des services propos\u00e9s sur\u00a0https:\/\/www.hotellecorbusier.com sont trait\u00e9es selon des protocoles s\u00e9curis\u00e9s et permettent de g\u00e9rer les demandes re\u00e7ues dans ses applications informatiques.<\/p><p>Les donn\u00e9es sont enregistr\u00e9es et seulement les responsables concern\u00e9s pourront en prendre connaissance pour la gestion de la demande.<\/p><p>Pour toute information vous pouvez consulter la CNIL concernant vos droits Informatique et Libert\u00e9s sur les traitements de donn\u00e9es personnelles.<\/p><p>https:\/\/www.cnil.fr\/fr\/definition\/traitement-de-donnees-caractere-personnel<\/p>\t\t\t\t\t\t\t\t<\/div>\n\t\t\t\t<\/div>\n\t\t\t\t<div class=\"elementor-element elementor-element-8123415 elementor-widget elementor-widget-heading\" data-id=\"8123415\" data-element_type=\"widget\" data-e-type=\"widget\" id=\"Titre2\" data-widget_type=\"heading.default\">\n\t\t\t\t<div class=\"elementor-widget-container\">\n\t\t\t\t\t<h3 class=\"elementor-heading-title elementor-size-default\">A PROPOS DES COOKIES\n<\/h3>\t\t\t\t<\/div>\n\t\t\t\t<\/div>\n\t\t\t\t<div class=\"elementor-element elementor-element-c6b4aec elementor-widget-divider--view-line elementor-widget elementor-widget-divider\" data-id=\"c6b4aec\" data-element_type=\"widget\" data-e-type=\"widget\" id=\"barre2\" data-widget_type=\"divider.default\">\n\t\t\t\t<div class=\"elementor-widget-container\">\n\t\t\t\t\t\t\t<div class=\"elementor-divider\">\n\t\t\t<span class=\"elementor-divider-separator\">\n\t\t\t\t\t\t<\/span>\n\t\t<\/div>\n\t\t\t\t\t\t<\/div>\n\t\t\t\t<\/div>\n\t\t\t\t<div class=\"elementor-element elementor-element-4d7fe16 elementor-widget elementor-widget-text-editor\" data-id=\"4d7fe16\" data-element_type=\"widget\" data-e-type=\"widget\" data-widget_type=\"text-editor.default\">\n\t\t\t\t<div class=\"elementor-widget-container\">\n\t\t\t\t\t\t\t\t\t<p>Nous utilisons diff\u00e9rents cookies sur le site pour am\u00e9liorer l\u2019interactivit\u00e9 du site et nos services.<\/p><p>Qu\u2019est-ce qu\u2019un \u00ab cookie \u00bb ?<br \/>Un \u00ab cookie \u00bb est un fichier de taille limit\u00e9e, g\u00e9n\u00e9ralement constitu\u00e9 de lettres et de chiffres, envoy\u00e9 par le serveur internet au fichier cookie du navigateur situ\u00e9 sur le disque dur de votre ordinateur.<\/p>\t\t\t\t\t\t\t\t<\/div>\n\t\t\t\t<\/div>\n\t\t\t\t<div class=\"elementor-element elementor-element-6c21dc1 elementor-widget elementor-widget-heading\" data-id=\"6c21dc1\" data-element_type=\"widget\" data-e-type=\"widget\" data-widget_type=\"heading.default\">\n\t\t\t\t<div class=\"elementor-widget-container\">\n\t\t\t\t\t<h3 class=\"elementor-heading-title elementor-size-default\">L'HOTEL CORBUSIER D\u00c9POSE LES COOKIES SUIVANTS : COOKIES INTERNES N\u00c9CESSAIRES AU SITE POUR FONCTIONNER\n<\/h3>\t\t\t\t<\/div>\n\t\t\t\t<\/div>\n\t\t\t\t<div class=\"elementor-element elementor-element-cdaeba4 elementor-widget-divider--view-line elementor-widget elementor-widget-divider\" data-id=\"cdaeba4\" data-element_type=\"widget\" data-e-type=\"widget\" data-widget_type=\"divider.default\">\n\t\t\t\t<div class=\"elementor-widget-container\">\n\t\t\t\t\t\t\t<div class=\"elementor-divider\">\n\t\t\t<span class=\"elementor-divider-separator\">\n\t\t\t\t\t\t<\/span>\n\t\t<\/div>\n\t\t\t\t\t\t<\/div>\n\t\t\t\t<\/div>\n\t\t\t\t<div class=\"elementor-element elementor-element-41088d9 elementor-widget elementor-widget-html\" data-id=\"41088d9\" data-element_type=\"widget\" data-e-type=\"widget\" data-widget_type=\"html.default\">\n\t\t\t\t<div class=\"elementor-widget-container\">\n\t\t\t\t\t<table>\r\n    <tr><td><b>NOM DU COOKIE<\/b><\/td>\r\n       <td><b>FINALIT\u00c9<\/b><\/td>\r\n    <td><b>DUR\u00c9E DE CONSERVATION<\/b><\/td><\/tr>\r\n    \r\n    <tr>    <td>WP Cookie Banner<\/td>\r\n    <td>conserve la trace si l\u2019utilisateur a manipul\u00e9 le popup Cookie\t<\/td>\r\n    <td>100 jours\r\n<\/td>\r\n    <\/tr>\r\n    \r\n        <tr><td>WP Cookie Banner<\/td>\r\n    <td>g\u00e9rer le bandeau d\u2019avertissement sp\u00e9cial cookies\t<\/td>\r\n    <td>3mois et 8 jours<\/td>\r\n    <\/tr>\r\n    \r\n    \r\n        <tr><td>has_js\t<\/td>\r\n    <td>assurer le bon fonctionnement du site\t<\/td>\r\n    <td>Fin de session<\/td>\r\n    <\/tr>\r\n \r\n \r\n \r\n<\/table>\r\n\r\n\t\t\t\t<\/div>\n\t\t\t\t<\/div>\n\t\t\t\t<div class=\"elementor-element elementor-element-a6f05e0 elementor-widget elementor-widget-text-editor\" data-id=\"a6f05e0\" data-element_type=\"widget\" data-e-type=\"widget\" data-widget_type=\"text-editor.default\">\n\t\t\t\t<div class=\"elementor-widget-container\">\n\t\t\t\t\t\t\t\t\t<p>Ces cookies permettent au site de fonctionner de mani\u00e8re optimale. Vous pouvez vous y opposer et les supprimer en utilisant les param\u00e8tres de votre navigateur, cependant votre exp\u00e9rience utilisateur risque d\u2019\u00eatre d\u00e9grad\u00e9e.<\/p><p>\u00a0<\/p>\t\t\t\t\t\t\t\t<\/div>\n\t\t\t\t<\/div>\n\t\t\t\t<div class=\"elementor-element elementor-element-c693a66 elementor-widget elementor-widget-heading\" data-id=\"c693a66\" data-element_type=\"widget\" data-e-type=\"widget\" data-widget_type=\"heading.default\">\n\t\t\t\t<div class=\"elementor-widget-container\">\n\t\t\t\t\t<h3 class=\"elementor-heading-title elementor-size-default\">COOKIES DE MESURE D\u2019AUDIENCE<\/h3>\t\t\t\t<\/div>\n\t\t\t\t<\/div>\n\t\t\t\t<div class=\"elementor-element elementor-element-3127a17 elementor-widget-divider--view-line elementor-widget elementor-widget-divider\" data-id=\"3127a17\" data-element_type=\"widget\" data-e-type=\"widget\" data-widget_type=\"divider.default\">\n\t\t\t\t<div class=\"elementor-widget-container\">\n\t\t\t\t\t\t\t<div class=\"elementor-divider\">\n\t\t\t<span class=\"elementor-divider-separator\">\n\t\t\t\t\t\t<\/span>\n\t\t<\/div>\n\t\t\t\t\t\t<\/div>\n\t\t\t\t<\/div>\n\t\t\t\t<div class=\"elementor-element elementor-element-38c5234 elementor-widget elementor-widget-html\" data-id=\"38c5234\" data-element_type=\"widget\" data-e-type=\"widget\" data-widget_type=\"html.default\">\n\t\t\t\t<div class=\"elementor-widget-container\">\n\t\t\t\t\t<table>\r\n    <tr><td><b>NOM DU COOKIE<\/b><\/td>\r\n        <td><b>P\u00c9RIODE DE VALIDIT\u00c9\t<\/b><\/td>\r\n       <td><b>DESCRIPTION<\/b><\/td>\r\n    <td><b>DOMAINE O\u00d9 IL EST D\u00c9FINI<\/b><\/td><\/tr>\r\n    \r\n    <tr><td>_ym_isa\t<\/td>\r\n    <td>13 mois\t<\/td>\r\n    <td>Mesure d\u2019audiance \u2013 Yandex Metrica<\/td><td rowspan=\"3\">https:\/\/www.hotellecorbusier.com\/ \r\n<\/td>\r\n    <\/tr>\r\n    \r\n        <tr><td>_ym_uid\t<\/td>\r\n    <td rowspan=\"2\">1 an\t<\/td>\r\n    <td>Utilis\u00e9 pour identifier les utilisateurs du site\r\n<\/td>\r\n    <\/tr>\r\n    \r\n    \r\n        <tr><td>_ym_d\t<\/td>\r\n    <td>Date de la premi\u00e8re session du site de l\u2019utilisateur\r\n<\/td>\r\n    \r\n    <\/tr>\r\n \r\n \r\n \r\n<\/table>\r\n\r\n\t\t\t\t<\/div>\n\t\t\t\t<\/div>\n\t\t\t\t<div class=\"elementor-element elementor-element-4844802 elementor-widget elementor-widget-text-editor\" data-id=\"4844802\" data-element_type=\"widget\" data-e-type=\"widget\" data-widget_type=\"text-editor.default\">\n\t\t\t\t<div class=\"elementor-widget-container\">\n\t\t\t\t\t\t\t\t\t<p>Nous collectons \u00e9galement votre adresse IP, afin de d\u00e9terminer la ville depuis laquelle vous vous connectez. Celle-ci est imm\u00e9diatement anonymis\u00e9e apr\u00e8s utilisation. L&rsquo;hotel Corbusier ne peut donc en aucun cas remonter par ce biais \u00e0 une personne physique.<br \/>Les donn\u00e9es personnelles recueillies sont conserv\u00e9es pour une dur\u00e9e maximum de 2 ans. Elles ne sont pas c\u00e9d\u00e9es \u00e0 des tiers ni utilis\u00e9es \u00e0 d\u2019autres fins.<br \/>Vous pouvez choisir de refuser les cookies et l\u2019analyse statistique de vos donn\u00e9es de navigation.<\/p><p><strong>Pour faire ce choix, envoyez un courrier \u00e9lectronique \u00e0 l&rsquo;aidre du formulaire de contact sur : https:\/\/www.hotellecorbusier.com\/<\/strong><\/p>\t\t\t\t\t\t\t\t<\/div>\n\t\t\t\t<\/div>\n\t\t\t\t\t<\/div>\n\t\t<\/div>\n\t\t\t\t\t<\/div>\n\t\t<\/section>\n\t\t\t\t<\/div>","protected":false},"excerpt":{"rendered":"<p>POLITIQUE DE CONFIDENTIALIT\u00c9 L&rsquo;h\u00f4tel Corbusier s\u2019engage \u00e0 ce que la collecte et le traitement de vos donn\u00e9es, effectu\u00e9s \u00e0 partir du site https:\/\/www.hotellecorbusier.com soient conformes au r\u00e8glement g\u00e9n\u00e9ral sur la protection des donn\u00e9es (RGPD) et \u00e0 la loi Informatique et Libert\u00e9s. Les donn\u00e9es personnelles recueillies dans le cadre des services propos\u00e9s sur\u00a0https:\/\/www.hotellecorbusier.com sont trait\u00e9es selon [&hellip;]<\/p>\n","protected":false},"author":1,"featured_media":0,"parent":0,"menu_order":0,"comment_status":"open","ping_status":"closed","template":"elementor_header_footer","meta":{"site-sidebar-layout":"no-sidebar","site-content-layout":"plain-container","ast-site-content-layout":"default","site-content-style":"default","site-sidebar-style":"default","ast-global-header-display":"","ast-banner-title-visibility":"","ast-main-header-display":"","ast-hfb-above-header-display":"","ast-hfb-below-header-display":"","ast-hfb-mobile-header-display":"","site-post-title":"disabled","ast-breadcrumbs-content":"","ast-featured-img":"disabled","footer-sml-layout":"","ast-disable-related-posts":"","theme-transparent-header-meta":"","adv-header-id-meta":"","stick-header-meta":"","header-above-stick-meta":"","header-main-stick-meta":"","header-below-stick-meta":"","astra-migrate-meta-layouts":"default","ast-page-background-enabled":"default","ast-page-background-meta":{"desktop":{"background-color":"","background-image":"","background-repeat":"repeat","background-position":"center center","background-size":"auto","background-attachment":"scroll","background-type":"","background-media":"","overlay-type":"","overlay-color":"","overlay-opacity":"","overlay-gradient":""},"tablet":{"background-color":"","background-image":"","background-repeat":"repeat","background-position":"center center","background-size":"auto","background-attachment":"scroll","background-type":"","background-media":"","overlay-type":"","overlay-color":"","overlay-opacity":"","overlay-gradient":""},"mobile":{"background-color":"","background-image":"","background-repeat":"repeat","background-position":"center center","background-size":"auto","background-attachment":"scroll","background-type":"","background-media":"","overlay-type":"","overlay-color":"","overlay-opacity":"","overlay-gradient":""}},"ast-content-background-meta":{"desktop":{"background-color":"var(--ast-global-color-5)","background-image":"","background-repeat":"repeat","background-position":"center center","background-size":"auto","background-attachment":"scroll","background-type":"","background-media":"","overlay-type":"","overlay-color":"","overlay-opacity":"","overlay-gradient":""},"tablet":{"background-color":"var(--ast-global-color-5)","background-image":"","background-repeat":"repeat","background-position":"center center","background-size":"auto","background-attachment":"scroll","background-type":"","background-media":"","overlay-type":"","overlay-color":"","overlay-opacity":"","overlay-gradient":""},"mobile":{"background-color":"var(--ast-global-color-5)","background-image":"","background-repeat":"repeat","background-position":"center center","background-size":"auto","background-attachment":"scroll","background-type":"","background-media":"","overlay-type":"","overlay-color":"","overlay-opacity":"","overlay-gradient":""}},"footnotes":""},"class_list":["post-23152","page","type-page","status-publish","hentry"],"yoast_head":"<!-- This site is optimized with the Yoast SEO plugin v27.4 - https:\/\/yoast.com\/product\/yoast-seo-wordpress\/ -->\n<title>Politique de confidentialit\u00e9\u200b -<\/title>\n<meta name=\"robots\" content=\"index, follow, max-snippet:-1, max-image-preview:large, max-video-preview:-1\" \/>\n<link rel=\"canonical\" href=\"https:\/\/www.hotellecorbusier.com\/en\/politique-de-confidentialite\/\" \/>\n<meta name=\"twitter:label1\" content=\"Est. reading time\" \/>\n\t<meta name=\"twitter:data1\" content=\"3 minutes\" \/>\n<script type=\"application\/ld+json\" class=\"yoast-schema-graph\">{\"@context\":\"https:\\\/\\\/schema.org\",\"@graph\":[{\"@type\":\"WebPage\",\"@id\":\"https:\\\/\\\/www.hotellecorbusier.com\\\/politique-de-confidentialite\\\/\",\"url\":\"https:\\\/\\\/www.hotellecorbusier.com\\\/politique-de-confidentialite\\\/\",\"name\":\"Politique de confidentialit\u00e9\u200b -\",\"isPartOf\":{\"@id\":\"https:\\\/\\\/www.hotellecorbusier.com\\\/#website\"},\"datePublished\":\"2022-05-20T08:38:22+00:00\",\"dateModified\":\"2022-05-20T11:55:55+00:00\",\"breadcrumb\":{\"@id\":\"https:\\\/\\\/www.hotellecorbusier.com\\\/politique-de-confidentialite\\\/#breadcrumb\"},\"inLanguage\":\"en-US\",\"potentialAction\":[{\"@type\":\"ReadAction\",\"target\":[\"https:\\\/\\\/www.hotellecorbusier.com\\\/politique-de-confidentialite\\\/\"]}]},{\"@type\":\"BreadcrumbList\",\"@id\":\"https:\\\/\\\/www.hotellecorbusier.com\\\/politique-de-confidentialite\\\/#breadcrumb\",\"itemListElement\":[{\"@type\":\"ListItem\",\"position\":1,\"name\":\"Accueil\",\"item\":\"https:\\\/\\\/www.hotellecorbusier.com\\\/\"},{\"@type\":\"ListItem\",\"position\":2,\"name\":\"Politique de confidentialit\u00e9\u200b\"}]},{\"@type\":\"WebSite\",\"@id\":\"https:\\\/\\\/www.hotellecorbusier.com\\\/#website\",\"url\":\"https:\\\/\\\/www.hotellecorbusier.com\\\/\",\"name\":\"H\u00f4tel LE CORBUSIER\",\"description\":\"Meilleur prix sur internet garanti TOUJOURS MOINS CHER QUE BOOKING! R\u00e9servez en ligne maintenant sur le SITE OFFICIEL BOOK NOW, ALWAYS CHEAPER THAN BOOKING\",\"publisher\":{\"@id\":\"https:\\\/\\\/www.hotellecorbusier.com\\\/#organization\"},\"potentialAction\":[{\"@type\":\"SearchAction\",\"target\":{\"@type\":\"EntryPoint\",\"urlTemplate\":\"https:\\\/\\\/www.hotellecorbusier.com\\\/?s={search_term_string}\"},\"query-input\":{\"@type\":\"PropertyValueSpecification\",\"valueRequired\":true,\"valueName\":\"search_term_string\"}}],\"inLanguage\":\"en-US\"},{\"@type\":\"Organization\",\"@id\":\"https:\\\/\\\/www.hotellecorbusier.com\\\/#organization\",\"name\":\"H\u00f4tel LE CORBUSIER\",\"url\":\"https:\\\/\\\/www.hotellecorbusier.com\\\/\",\"logo\":{\"@type\":\"ImageObject\",\"inLanguage\":\"en-US\",\"@id\":\"https:\\\/\\\/www.hotellecorbusier.com\\\/#\\\/schema\\\/logo\\\/image\\\/\",\"url\":\"https:\\\/\\\/www.hotellecorbusier.com\\\/wp-content\\\/uploads\\\/2016\\\/08\\\/logo-corbusier_02.png\",\"contentUrl\":\"https:\\\/\\\/www.hotellecorbusier.com\\\/wp-content\\\/uploads\\\/2016\\\/08\\\/logo-corbusier_02.png\",\"width\":396,\"height\":190,\"caption\":\"H\u00f4tel LE CORBUSIER\"},\"image\":{\"@id\":\"https:\\\/\\\/www.hotellecorbusier.com\\\/#\\\/schema\\\/logo\\\/image\\\/\"}}]}<\/script>\n<!-- \/ Yoast SEO plugin. -->","yoast_head_json":{"title":"Politique de confidentialit\u00e9\u200b -","robots":{"index":"index","follow":"follow","max-snippet":"max-snippet:-1","max-image-preview":"max-image-preview:large","max-video-preview":"max-video-preview:-1"},"canonical":"https:\/\/www.hotellecorbusier.com\/en\/politique-de-confidentialite\/","twitter_misc":{"Est. reading time":"3 minutes"},"schema":{"@context":"https:\/\/schema.org","@graph":[{"@type":"WebPage","@id":"https:\/\/www.hotellecorbusier.com\/politique-de-confidentialite\/","url":"https:\/\/www.hotellecorbusier.com\/politique-de-confidentialite\/","name":"Politique de confidentialit\u00e9\u200b -","isPartOf":{"@id":"https:\/\/www.hotellecorbusier.com\/#website"},"datePublished":"2022-05-20T08:38:22+00:00","dateModified":"2022-05-20T11:55:55+00:00","breadcrumb":{"@id":"https:\/\/www.hotellecorbusier.com\/politique-de-confidentialite\/#breadcrumb"},"inLanguage":"en-US","potentialAction":[{"@type":"ReadAction","target":["https:\/\/www.hotellecorbusier.com\/politique-de-confidentialite\/"]}]},{"@type":"BreadcrumbList","@id":"https:\/\/www.hotellecorbusier.com\/politique-de-confidentialite\/#breadcrumb","itemListElement":[{"@type":"ListItem","position":1,"name":"Accueil","item":"https:\/\/www.hotellecorbusier.com\/"},{"@type":"ListItem","position":2,"name":"Politique de confidentialit\u00e9\u200b"}]},{"@type":"WebSite","@id":"https:\/\/www.hotellecorbusier.com\/#website","url":"https:\/\/www.hotellecorbusier.com\/","name":"Le Corbusier Hotel","description":"Meilleur prix sur internet garanti TOUJOURS MOINS CHER QUE BOOKING! R\u00e9servez en ligne maintenant sur le SITE OFFICIEL BOOK NOW, ALWAYS CHEAPER THAN BOOKING","publisher":{"@id":"https:\/\/www.hotellecorbusier.com\/#organization"},"potentialAction":[{"@type":"SearchAction","target":{"@type":"EntryPoint","urlTemplate":"https:\/\/www.hotellecorbusier.com\/?s={search_term_string}"},"query-input":{"@type":"PropertyValueSpecification","valueRequired":true,"valueName":"search_term_string"}}],"inLanguage":"en-US"},{"@type":"Organization","@id":"https:\/\/www.hotellecorbusier.com\/#organization","name":"Le Corbusier Hotel","url":"https:\/\/www.hotellecorbusier.com\/","logo":{"@type":"ImageObject","inLanguage":"en-US","@id":"https:\/\/www.hotellecorbusier.com\/#\/schema\/logo\/image\/","url":"https:\/\/www.hotellecorbusier.com\/wp-content\/uploads\/2016\/08\/logo-corbusier_02.png","contentUrl":"https:\/\/www.hotellecorbusier.com\/wp-content\/uploads\/2016\/08\/logo-corbusier_02.png","width":396,"height":190,"caption":"H\u00f4tel LE CORBUSIER"},"image":{"@id":"https:\/\/www.hotellecorbusier.com\/#\/schema\/logo\/image\/"}}]}},"_links":{"self":[{"href":"https:\/\/www.hotellecorbusier.com\/en\/wp-json\/wp\/v2\/pages\/23152","targetHints":{"allow":["GET"]}}],"collection":[{"href":"https:\/\/www.hotellecorbusier.com\/en\/wp-json\/wp\/v2\/pages"}],"about":[{"href":"https:\/\/www.hotellecorbusier.com\/en\/wp-json\/wp\/v2\/types\/page"}],"author":[{"embeddable":true,"href":"https:\/\/www.hotellecorbusier.com\/en\/wp-json\/wp\/v2\/users\/1"}],"replies":[{"embeddable":true,"href":"https:\/\/www.hotellecorbusier.com\/en\/wp-json\/wp\/v2\/comments?post=23152"}],"version-history":[{"count":8,"href":"https:\/\/www.hotellecorbusier.com\/en\/wp-json\/wp\/v2\/pages\/23152\/revisions"}],"predecessor-version":[{"id":23165,"href":"https:\/\/www.hotellecorbusier.com\/en\/wp-json\/wp\/v2\/pages\/23152\/revisions\/23165"}],"wp:attachment":[{"href":"https:\/\/www.hotellecorbusier.com\/en\/wp-json\/wp\/v2\/media?parent=23152"}],"curies":[{"name":"wp","href":"https:\/\/api.w.org\/{rel}","templated":true}]}}