{"id":23469,"date":"2023-03-13T15:52:15","date_gmt":"2023-03-13T14:52:15","guid":{"rendered":"https:\/\/www.hotellecorbusier.com\/visiter-les-calanques-copy\/"},"modified":"2023-03-13T16:32:33","modified_gmt":"2023-03-13T15:32:33","slug":"match-de-lom-coupe-du-monde-de-rugby-jeux-olympiques-2024","status":"publish","type":"page","link":"https:\/\/www.hotellecorbusier.com\/en\/match-de-lom-coupe-du-monde-de-rugby-jeux-olympiques-2024\/","title":{"rendered":"Match de l\u2019OM, Coupe du monde de Rugby, Jeux Olympiques 2024"},"content":{"rendered":"<div data-elementor-type=\"wp-page\" data-elementor-id=\"23469\" class=\"elementor elementor-23469\" data-elementor-post-type=\"page\">\n\t\t\t\t\t\t<section class=\"elementor-section elementor-top-section elementor-element elementor-element-69d38244 elementor-section-boxed elementor-section-height-default elementor-section-height-default\" data-id=\"69d38244\" data-element_type=\"section\" data-e-type=\"section\">\n\t\t\t\t\t\t<div class=\"elementor-container elementor-column-gap-default\">\n\t\t\t\t\t<div class=\"elementor-column elementor-col-100 elementor-top-column elementor-element elementor-element-5b063b52\" data-id=\"5b063b52\" data-element_type=\"column\" data-e-type=\"column\">\n\t\t\t<div class=\"elementor-widget-wrap elementor-element-populated\">\n\t\t\t\t\t\t<div class=\"elementor-element elementor-element-150d6aae elementor-widget elementor-widget-text-editor\" data-id=\"150d6aae\" data-element_type=\"widget\" data-e-type=\"widget\" data-widget_type=\"text-editor.default\">\n\t\t\t\t<div class=\"elementor-widget-container\">\n\t\t\t\t\t\t\t\t\tL\u2019h\u00f4tel Le Corbusier \u00e0 12 mn  \u00e0 pied  du stade Orange  V\u00e9lodrome est l\u2019endroit id\u00e9al et original pour les amateurs de Football ,les  supporteurs fran\u00e7ais et du monde entier de l\u2019OM. Pour  tous les \u00e9v\u00e8nements de Rugby, les matchs du RC Toulon, de la coupe d\u2019Europe et bient\u00f4t ceux de la coupe du monde de Rugby qui se passent au stade Orange V\u00e9lodrome, l\u2019h\u00f4tel Le Corbusier accueille chaleureusement les fans de ce sport. De part sa proximit\u00e9 du stade Orange V\u00e9lodrome  et de la Marina Olympique du Roucas blanc  o\u00f9 se d\u00e9rouleront les \u00e9preuves olympiques de football et de voile ,l\u2019h\u00f4tel le Corbusier est incontestablement le camp de  base id\u00e9al les amateurs de ses 2 disciplines olympiques.\t\t\t\t\t\t\t\t<\/div>\n\t\t\t\t<\/div>\n\t\t\t\t\t<\/div>\n\t\t<\/div>\n\t\t\t\t\t<\/div>\n\t\t<\/section>\n\t\t\t\t<\/div>","protected":false},"excerpt":{"rendered":"<p>L\u2019h\u00f4tel Le Corbusier \u00e0 12 mn \u00e0 pied du stade Orange V\u00e9lodrome est l\u2019endroit id\u00e9al et original pour les amateurs de Football ,les supporteurs fran\u00e7ais et du monde entier de l\u2019OM. Pour tous les \u00e9v\u00e8nements de Rugby, les matchs du RC Toulon, de la coupe d\u2019Europe et bient\u00f4t ceux de la coupe du monde de [&hellip;]<\/p>\n","protected":false},"author":1,"featured_media":0,"parent":0,"menu_order":0,"comment_status":"closed","ping_status":"closed","template":"","meta":{"site-sidebar-layout":"default","site-content-layout":"default","ast-site-content-layout":"default","site-content-style":"default","site-sidebar-style":"default","ast-global-header-display":"","ast-banner-title-visibility":"","ast-main-header-display":"","ast-hfb-above-header-display":"","ast-hfb-below-header-display":"","ast-hfb-mobile-header-display":"","site-post-title":"","ast-breadcrumbs-content":"","ast-featured-img":"","footer-sml-layout":"","ast-disable-related-posts":"","theme-transparent-header-meta":"default","adv-header-id-meta":"","stick-header-meta":"","header-above-stick-meta":"","header-main-stick-meta":"","header-below-stick-meta":"","astra-migrate-meta-layouts":"default","ast-page-background-enabled":"default","ast-page-background-meta":{"desktop":{"background-color":"","background-image":"","background-repeat":"repeat","background-position":"center center","background-size":"auto","background-attachment":"scroll","background-type":"","background-media":"","overlay-type":"","overlay-color":"","overlay-opacity":"","overlay-gradient":""},"tablet":{"background-color":"","background-image":"","background-repeat":"repeat","background-position":"center center","background-size":"auto","background-attachment":"scroll","background-type":"","background-media":"","overlay-type":"","overlay-color":"","overlay-opacity":"","overlay-gradient":""},"mobile":{"background-color":"","background-image":"","background-repeat":"repeat","background-position":"center center","background-size":"auto","background-attachment":"scroll","background-type":"","background-media":"","overlay-type":"","overlay-color":"","overlay-opacity":"","overlay-gradient":""}},"ast-content-background-meta":{"desktop":{"background-color":"var(--ast-global-color-5)","background-image":"","background-repeat":"repeat","background-position":"center center","background-size":"auto","background-attachment":"scroll","background-type":"","background-media":"","overlay-type":"","overlay-color":"","overlay-opacity":"","overlay-gradient":""},"tablet":{"background-color":"var(--ast-global-color-5)","background-image":"","background-repeat":"repeat","background-position":"center center","background-size":"auto","background-attachment":"scroll","background-type":"","background-media":"","overlay-type":"","overlay-color":"","overlay-opacity":"","overlay-gradient":""},"mobile":{"background-color":"var(--ast-global-color-5)","background-image":"","background-repeat":"repeat","background-position":"center center","background-size":"auto","background-attachment":"scroll","background-type":"","background-media":"","overlay-type":"","overlay-color":"","overlay-opacity":"","overlay-gradient":""}},"footnotes":""},"class_list":["post-23469","page","type-page","status-publish","hentry"],"yoast_head":"<!-- This site is optimized with the Yoast SEO plugin v27.4 - https:\/\/yoast.com\/product\/yoast-seo-wordpress\/ -->\n<title>Match de l\u2019OM, Coupe du monde de Rugby, Jeux Olympiques 202<\/title>\n<meta name=\"description\" content=\"L\u2019h\u00f4tel Le Corbusier \u00e0 12 mn \u00e0 pied du stade Orange V\u00e9lodrome est l\u2019endroit id\u00e9al et original pour les amateurs de Football ,les supporteurs fran\u00e7ais et du monde entier de l\u2019OM\" \/>\n<meta name=\"robots\" content=\"index, follow, max-snippet:-1, max-image-preview:large, max-video-preview:-1\" \/>\n<link rel=\"canonical\" href=\"https:\/\/www.hotellecorbusier.com\/en\/match-de-lom-coupe-du-monde-de-rugby-jeux-olympiques-2024\/\" \/>\n<meta name=\"twitter:label1\" content=\"Est. reading time\" \/>\n\t<meta name=\"twitter:data1\" content=\"1 minute\" \/>\n<script type=\"application\/ld+json\" class=\"yoast-schema-graph\">{\"@context\":\"https:\\\/\\\/schema.org\",\"@graph\":[{\"@type\":\"WebPage\",\"@id\":\"https:\\\/\\\/www.hotellecorbusier.com\\\/match-de-lom-coupe-du-monde-de-rugby-jeux-olympiques-2024\\\/\",\"url\":\"https:\\\/\\\/www.hotellecorbusier.com\\\/match-de-lom-coupe-du-monde-de-rugby-jeux-olympiques-2024\\\/\",\"name\":\"Match de l\u2019OM, Coupe du monde de Rugby, Jeux Olympiques 202\",\"isPartOf\":{\"@id\":\"https:\\\/\\\/www.hotellecorbusier.com\\\/#website\"},\"datePublished\":\"2023-03-13T14:52:15+00:00\",\"dateModified\":\"2023-03-13T15:32:33+00:00\",\"description\":\"L\u2019h\u00f4tel Le Corbusier \u00e0 12 mn \u00e0 pied du stade Orange V\u00e9lodrome est l\u2019endroit id\u00e9al et original pour les amateurs de Football ,les supporteurs fran\u00e7ais et du monde entier de l\u2019OM\",\"breadcrumb\":{\"@id\":\"https:\\\/\\\/www.hotellecorbusier.com\\\/match-de-lom-coupe-du-monde-de-rugby-jeux-olympiques-2024\\\/#breadcrumb\"},\"inLanguage\":\"en-US\",\"potentialAction\":[{\"@type\":\"ReadAction\",\"target\":[\"https:\\\/\\\/www.hotellecorbusier.com\\\/match-de-lom-coupe-du-monde-de-rugby-jeux-olympiques-2024\\\/\"]}]},{\"@type\":\"BreadcrumbList\",\"@id\":\"https:\\\/\\\/www.hotellecorbusier.com\\\/match-de-lom-coupe-du-monde-de-rugby-jeux-olympiques-2024\\\/#breadcrumb\",\"itemListElement\":[{\"@type\":\"ListItem\",\"position\":1,\"name\":\"Accueil\",\"item\":\"https:\\\/\\\/www.hotellecorbusier.com\\\/\"},{\"@type\":\"ListItem\",\"position\":2,\"name\":\"Match de l\u2019OM, Coupe du monde de Rugby, Jeux Olympiques 2024\"}]},{\"@type\":\"WebSite\",\"@id\":\"https:\\\/\\\/www.hotellecorbusier.com\\\/#website\",\"url\":\"https:\\\/\\\/www.hotellecorbusier.com\\\/\",\"name\":\"H\u00f4tel LE CORBUSIER\",\"description\":\"Meilleur prix sur internet garanti TOUJOURS MOINS CHER QUE BOOKING! R\u00e9servez en ligne maintenant sur le SITE OFFICIEL BOOK NOW, ALWAYS CHEAPER THAN BOOKING\",\"publisher\":{\"@id\":\"https:\\\/\\\/www.hotellecorbusier.com\\\/#organization\"},\"potentialAction\":[{\"@type\":\"SearchAction\",\"target\":{\"@type\":\"EntryPoint\",\"urlTemplate\":\"https:\\\/\\\/www.hotellecorbusier.com\\\/?s={search_term_string}\"},\"query-input\":{\"@type\":\"PropertyValueSpecification\",\"valueRequired\":true,\"valueName\":\"search_term_string\"}}],\"inLanguage\":\"en-US\"},{\"@type\":\"Organization\",\"@id\":\"https:\\\/\\\/www.hotellecorbusier.com\\\/#organization\",\"name\":\"H\u00f4tel LE CORBUSIER\",\"url\":\"https:\\\/\\\/www.hotellecorbusier.com\\\/\",\"logo\":{\"@type\":\"ImageObject\",\"inLanguage\":\"en-US\",\"@id\":\"https:\\\/\\\/www.hotellecorbusier.com\\\/#\\\/schema\\\/logo\\\/image\\\/\",\"url\":\"https:\\\/\\\/www.hotellecorbusier.com\\\/wp-content\\\/uploads\\\/2016\\\/08\\\/logo-corbusier_02.png\",\"contentUrl\":\"https:\\\/\\\/www.hotellecorbusier.com\\\/wp-content\\\/uploads\\\/2016\\\/08\\\/logo-corbusier_02.png\",\"width\":396,\"height\":190,\"caption\":\"H\u00f4tel LE CORBUSIER\"},\"image\":{\"@id\":\"https:\\\/\\\/www.hotellecorbusier.com\\\/#\\\/schema\\\/logo\\\/image\\\/\"}}]}<\/script>\n<!-- \/ Yoast SEO plugin. -->","yoast_head_json":{"title":"Match de l\u2019OM, Coupe du monde de Rugby, Jeux Olympiques 202","description":"L\u2019h\u00f4tel Le Corbusier \u00e0 12 mn \u00e0 pied du stade Orange V\u00e9lodrome est l\u2019endroit id\u00e9al et original pour les amateurs de Football ,les supporteurs fran\u00e7ais et du monde entier de l\u2019OM","robots":{"index":"index","follow":"follow","max-snippet":"max-snippet:-1","max-image-preview":"max-image-preview:large","max-video-preview":"max-video-preview:-1"},"canonical":"https:\/\/www.hotellecorbusier.com\/en\/match-de-lom-coupe-du-monde-de-rugby-jeux-olympiques-2024\/","twitter_misc":{"Est. reading time":"1 minute"},"schema":{"@context":"https:\/\/schema.org","@graph":[{"@type":"WebPage","@id":"https:\/\/www.hotellecorbusier.com\/match-de-lom-coupe-du-monde-de-rugby-jeux-olympiques-2024\/","url":"https:\/\/www.hotellecorbusier.com\/match-de-lom-coupe-du-monde-de-rugby-jeux-olympiques-2024\/","name":"Match de l\u2019OM, Coupe du monde de Rugby, Jeux Olympiques 202","isPartOf":{"@id":"https:\/\/www.hotellecorbusier.com\/#website"},"datePublished":"2023-03-13T14:52:15+00:00","dateModified":"2023-03-13T15:32:33+00:00","description":"L\u2019h\u00f4tel Le Corbusier \u00e0 12 mn \u00e0 pied du stade Orange V\u00e9lodrome est l\u2019endroit id\u00e9al et original pour les amateurs de Football ,les supporteurs fran\u00e7ais et du monde entier de l\u2019OM","breadcrumb":{"@id":"https:\/\/www.hotellecorbusier.com\/match-de-lom-coupe-du-monde-de-rugby-jeux-olympiques-2024\/#breadcrumb"},"inLanguage":"en-US","potentialAction":[{"@type":"ReadAction","target":["https:\/\/www.hotellecorbusier.com\/match-de-lom-coupe-du-monde-de-rugby-jeux-olympiques-2024\/"]}]},{"@type":"BreadcrumbList","@id":"https:\/\/www.hotellecorbusier.com\/match-de-lom-coupe-du-monde-de-rugby-jeux-olympiques-2024\/#breadcrumb","itemListElement":[{"@type":"ListItem","position":1,"name":"Accueil","item":"https:\/\/www.hotellecorbusier.com\/"},{"@type":"ListItem","position":2,"name":"Match de l\u2019OM, Coupe du monde de Rugby, Jeux Olympiques 2024"}]},{"@type":"WebSite","@id":"https:\/\/www.hotellecorbusier.com\/#website","url":"https:\/\/www.hotellecorbusier.com\/","name":"Le Corbusier Hotel","description":"Meilleur prix sur internet garanti TOUJOURS MOINS CHER QUE BOOKING! R\u00e9servez en ligne maintenant sur le SITE OFFICIEL BOOK NOW, ALWAYS CHEAPER THAN BOOKING","publisher":{"@id":"https:\/\/www.hotellecorbusier.com\/#organization"},"potentialAction":[{"@type":"SearchAction","target":{"@type":"EntryPoint","urlTemplate":"https:\/\/www.hotellecorbusier.com\/?s={search_term_string}"},"query-input":{"@type":"PropertyValueSpecification","valueRequired":true,"valueName":"search_term_string"}}],"inLanguage":"en-US"},{"@type":"Organization","@id":"https:\/\/www.hotellecorbusier.com\/#organization","name":"Le Corbusier Hotel","url":"https:\/\/www.hotellecorbusier.com\/","logo":{"@type":"ImageObject","inLanguage":"en-US","@id":"https:\/\/www.hotellecorbusier.com\/#\/schema\/logo\/image\/","url":"https:\/\/www.hotellecorbusier.com\/wp-content\/uploads\/2016\/08\/logo-corbusier_02.png","contentUrl":"https:\/\/www.hotellecorbusier.com\/wp-content\/uploads\/2016\/08\/logo-corbusier_02.png","width":396,"height":190,"caption":"H\u00f4tel LE CORBUSIER"},"image":{"@id":"https:\/\/www.hotellecorbusier.com\/#\/schema\/logo\/image\/"}}]}},"_links":{"self":[{"href":"https:\/\/www.hotellecorbusier.com\/en\/wp-json\/wp\/v2\/pages\/23469","targetHints":{"allow":["GET"]}}],"collection":[{"href":"https:\/\/www.hotellecorbusier.com\/en\/wp-json\/wp\/v2\/pages"}],"about":[{"href":"https:\/\/www.hotellecorbusier.com\/en\/wp-json\/wp\/v2\/types\/page"}],"author":[{"embeddable":true,"href":"https:\/\/www.hotellecorbusier.com\/en\/wp-json\/wp\/v2\/users\/1"}],"replies":[{"embeddable":true,"href":"https:\/\/www.hotellecorbusier.com\/en\/wp-json\/wp\/v2\/comments?post=23469"}],"version-history":[{"count":4,"href":"https:\/\/www.hotellecorbusier.com\/en\/wp-json\/wp\/v2\/pages\/23469\/revisions"}],"predecessor-version":[{"id":23474,"href":"https:\/\/www.hotellecorbusier.com\/en\/wp-json\/wp\/v2\/pages\/23469\/revisions\/23474"}],"wp:attachment":[{"href":"https:\/\/www.hotellecorbusier.com\/en\/wp-json\/wp\/v2\/media?parent=23469"}],"curies":[{"name":"wp","href":"https:\/\/api.w.org\/{rel}","templated":true}]}}